{"id":9565,"date":"2025-04-09T17:35:27","date_gmt":"2025-04-09T15:35:27","guid":{"rendered":"https:\/\/www.scharmuetzelseegrundschule.de\/?page_id=9565"},"modified":"2025-04-09T17:35:27","modified_gmt":"2025-04-09T15:35:27","slug":"schulinspektionsbericht","status":"publish","type":"page","link":"https:\/\/www.scharmuetzelseegrundschule.de\/?page_id=9565","title":{"rendered":"Schulinspektionsbericht"},"content":{"rendered":"\n<p>Die Inspektion der Scharm\u00fctzelsee-Grundschule wurde im Schuljahr 2024\/2025 durchgef\u00fchrt. Das Inspektionsteam hat die Schule von au\u00dfen in den Blick genommen und gibt mit diesem Bericht eine R\u00fcckmeldung zur Qualit\u00e4t und zum aktuellen Entwicklungsstand der Schule mit dem Fokus auf die Gestaltung der Unterrichtsprozesse. Die Grundlage f\u00fcr ein gemeinsames Verst\u00e4ndnis von guter Schule ist dabei der <a href=\"https:\/\/bildungsserver.berlin-brandenburg.de\/schule\/schulentwicklung\/schulqualitaet\/handlungsrahmen-schulqualitaet-be\">Handlungsrahmen Schulqualit\u00e4t in Berlin<\/a>, der dieses in seinen Qualit\u00e4tsbereichen und Qualit\u00e4tsmerkmalen definiert.<\/p>\n\n\n\n<div class=\"wp-block-file\"><object class=\"wp-block-file__embed\" data=\"https:\/\/www.scharmuetzelseegrundschule.de\/wp-content\/uploads\/2025\/04\/Bericht-07G12-1.pdf\" type=\"application\/pdf\" style=\"width:100%;height:600px\" aria-label=\"Einbettung von Bericht 07G12.\"><\/object><a id=\"wp-block-file--media-e7d7c1a2-6a8c-46ca-9c16-5aea85dbcf61\" href=\"https:\/\/www.scharmuetzelseegrundschule.de\/wp-content\/uploads\/2025\/04\/Bericht-07G12-1.pdf\">Bericht 07G12<\/a><a href=\"https:\/\/www.scharmuetzelseegrundschule.de\/wp-content\/uploads\/2025\/04\/Bericht-07G12-1.pdf\" class=\"wp-block-file__button\" download aria-describedby=\"wp-block-file--media-e7d7c1a2-6a8c-46ca-9c16-5aea85dbcf61\">Herunterladen<\/a><\/div>\n","protected":false},"excerpt":{"rendered":"<p>Die Inspektion der Scharm\u00fctzelsee-Grundschule wurde im Schuljahr 2024\/2025 durchgef\u00fchrt. Das Inspektionsteam hat die Schule von au\u00dfen in den Blick genommen und gibt mit diesem Bericht eine R\u00fcckmeldung zur Qualit\u00e4t und zum aktuellen Entwicklungsstand der Schule mit dem Fokus auf die &hellip; <a href=\"https:\/\/www.scharmuetzelseegrundschule.de\/?page_id=9565\">Weiterlesen <span class=\"meta-nav\">&rarr;<\/span><\/a><\/p>\n","protected":false},"author":18,"featured_media":0,"parent":0,"menu_order":0,"comment_status":"closed","ping_status":"closed","template":"","meta":{"ngg_post_thumbnail":0},"_links":{"self":[{"href":"https:\/\/www.scharmuetzelseegrundschule.de\/index.php?rest_route=\/wp\/v2\/pages\/9565"}],"collection":[{"href":"https:\/\/www.scharmuetzelseegrundschule.de\/index.php?rest_route=\/wp\/v2\/pages"}],"about":[{"href":"https:\/\/www.scharmuetzelseegrundschule.de\/index.php?rest_route=\/wp\/v2\/types\/page"}],"author":[{"embeddable":true,"href":"https:\/\/www.scharmuetzelseegrundschule.de\/index.php?rest_route=\/wp\/v2\/users\/18"}],"replies":[{"embeddable":true,"href":"https:\/\/www.scharmuetzelseegrundschule.de\/index.php?rest_route=%2Fwp%2Fv2%2Fcomments&post=9565"}],"version-history":[{"count":2,"href":"https:\/\/www.scharmuetzelseegrundschule.de\/index.php?rest_route=\/wp\/v2\/pages\/9565\/revisions"}],"predecessor-version":[{"id":9569,"href":"https:\/\/www.scharmuetzelseegrundschule.de\/index.php?rest_route=\/wp\/v2\/pages\/9565\/revisions\/9569"}],"wp:attachment":[{"href":"https:\/\/www.scharmuetzelseegrundschule.de\/index.php?rest_route=%2Fwp%2Fv2%2Fmedia&parent=9565"}],"curies":[{"name":"wp","href":"https:\/\/api.w.org\/{rel}","templated":true}]}}