{"id":94,"date":"2011-05-19T14:59:40","date_gmt":"2011-05-19T14:59:40","guid":{"rendered":"http:\/\/cwmo.de\/?page_id=94"},"modified":"2024-02-02T13:13:42","modified_gmt":"2024-02-02T11:13:42","slug":"forderverein","status":"publish","type":"page","link":"https:\/\/www.scharmuetzelseegrundschule.de\/?page_id=94","title":{"rendered":"F\u00f6rderverein"},"content":{"rendered":"<h1 class=\"ttl1\"><a href=\"http:\/\/www.scharmuetzelseegrundschule.de\/wp-content\/uploads\/2011\/05\/FoerdervereinSGS_Logo.png\"><img loading=\"lazy\" class=\"alignright  wp-image-5708\" title=\"FoerdervereinSGS_Logo\" src=\"http:\/\/www.scharmuetzelseegrundschule.de\/wp-content\/uploads\/2011\/05\/FoerdervereinSGS_Logo-300x300.png\" alt=\"\" width=\"180\" height=\"180\" srcset=\"https:\/\/www.scharmuetzelseegrundschule.de\/wp-content\/uploads\/2011\/05\/FoerdervereinSGS_Logo-300x300.png 300w, https:\/\/www.scharmuetzelseegrundschule.de\/wp-content\/uploads\/2011\/05\/FoerdervereinSGS_Logo-150x150.png 150w, https:\/\/www.scharmuetzelseegrundschule.de\/wp-content\/uploads\/2011\/05\/FoerdervereinSGS_Logo-1024x1024.png 1024w\" sizes=\"(max-width: 180px) 100vw, 180px\" \/><\/a><strong>MOTIVATION UND ZIELSETZUNG<\/strong><\/h1>\n<p>Der F\u00f6rderverein der Scharm\u00fctzelsee-Grundschule ist ein gemeinn\u00fctzig anerkannter Verein. Er wurde gegr\u00fcndet, um Ma\u00dfnahmen zu f\u00f6rdern, die der Verbesserung des schulischen, sozialen und kulturellen Angebots der Scharm\u00fctzelsee-Grundschule dienen<\/p>\n<p>Dies wird insbesondere durch die Bereitstellung finanzieller Mittel aus Beitr\u00e4gen, Spenden und der Einwerbung von F\u00f6rdergeldern erm\u00f6glicht. Dar\u00fcber hinaus unterst\u00fctzen wir bei Bedarf auch tatkr\u00e4ftig bei der Planung und Durchf\u00fchrung verschiedener Aktionen. &nbsp;<\/p>\n<p>Gemeinsam mit Eltern, Kindern und P\u00e4dagogen k\u00f6nnen wir so das schulische Umfeld f\u00fcr unsere Kinder mitgestalten.&nbsp;&nbsp;<\/p>\n<p><strong>INSBESONDERE F\u00d6RDERN WIR:<\/strong><\/p>\n<ul>\n<li>die Schulsozialarbeit<\/li>\n<li>Projektinitiativen<\/li>\n<li>k\u00fcnstlerisches Arbeiten, z. B. Musik- und Kunst-Aktivit\u00e4ten, Musikabend&nbsp;<\/li>\n<li>die Anwendung von Umwelt- und Naturschutz, z. B. bei der Schulhofbegr\u00fcnung<\/li>\n<li>sportliche Veranstaltungen, z. B. Sport-AGs und -Wettbewerbe<\/li>\n<li>den Umgang mit neuen Medien und Digitalisierung<\/li>\n<li>Pr\u00e4ventions- und Integrationsprojekte<\/li>\n<\/ul>\n<p><a href=\"https:\/\/www.scharmuetzelseegrundschule.de\/?page_id=335\">&gt;&gt;<\/a>&nbsp;&nbsp; <em>Projekte<\/em><\/p>\n<p><a href=\"https:\/\/www.scharmuetzelseegrundschule.de\/?page_id=340\">&gt;&gt;<\/a> &nbsp; <em>Mitgliedschaft &amp; Spenden<br><\/em><\/p>\n<p><em><a href=\"https:\/\/www.scharmuetzelseegrundschule.de\/?page_id=342\">&gt;&gt;<\/a>&nbsp;&nbsp; Kontakt &amp; Vorstand<br><\/em><\/p>\n<p><em><a href=\"https:\/\/www.scharmuetzelseegrundschule.de\/?page_id=338\">&gt;&gt;<\/a>&nbsp;&nbsp; Satzung<br><\/em><\/p>\n<hr>\n\n\n<p><\/p>\n","protected":false},"excerpt":{"rendered":"<p>MOTIVATION UND ZIELSETZUNG Der F\u00f6rderverein der Scharm\u00fctzelsee-Grundschule ist ein gemeinn\u00fctzig anerkannter Verein. Er wurde gegr\u00fcndet, um Ma\u00dfnahmen zu f\u00f6rdern, die der Verbesserung des schulischen, sozialen und kulturellen Angebots der Scharm\u00fctzelsee-Grundschule dienen Dies wird insbesondere durch die Bereitstellung finanzieller Mittel aus &hellip; <a href=\"https:\/\/www.scharmuetzelseegrundschule.de\/?page_id=94\">Weiterlesen <span class=\"meta-nav\">&rarr;<\/span><\/a><\/p>\n","protected":false},"author":4,"featured_media":0,"parent":0,"menu_order":6,"comment_status":"open","ping_status":"closed","template":"","meta":{"ngg_post_thumbnail":0},"_links":{"self":[{"href":"https:\/\/www.scharmuetzelseegrundschule.de\/index.php?rest_route=\/wp\/v2\/pages\/94"}],"collection":[{"href":"https:\/\/www.scharmuetzelseegrundschule.de\/index.php?rest_route=\/wp\/v2\/pages"}],"about":[{"href":"https:\/\/www.scharmuetzelseegrundschule.de\/index.php?rest_route=\/wp\/v2\/types\/page"}],"author":[{"embeddable":true,"href":"https:\/\/www.scharmuetzelseegrundschule.de\/index.php?rest_route=\/wp\/v2\/users\/4"}],"replies":[{"embeddable":true,"href":"https:\/\/www.scharmuetzelseegrundschule.de\/index.php?rest_route=%2Fwp%2Fv2%2Fcomments&post=94"}],"version-history":[{"count":12,"href":"https:\/\/www.scharmuetzelseegrundschule.de\/index.php?rest_route=\/wp\/v2\/pages\/94\/revisions"}],"predecessor-version":[{"id":9106,"href":"https:\/\/www.scharmuetzelseegrundschule.de\/index.php?rest_route=\/wp\/v2\/pages\/94\/revisions\/9106"}],"wp:attachment":[{"href":"https:\/\/www.scharmuetzelseegrundschule.de\/index.php?rest_route=%2Fwp%2Fv2%2Fmedia&parent=94"}],"curies":[{"name":"wp","href":"https:\/\/api.w.org\/{rel}","templated":true}]}}