{"id":7661,"date":"2022-06-16T11:52:13","date_gmt":"2022-06-16T09:52:13","guid":{"rendered":"https:\/\/www.scharmuetzelseegrundschule.de\/?page_id=7661"},"modified":"2022-06-16T11:52:13","modified_gmt":"2022-06-16T09:52:13","slug":"soziales-lernen","status":"publish","type":"page","link":"https:\/\/www.scharmuetzelseegrundschule.de\/?page_id=7661","title":{"rendered":"Soziales Lernen"},"content":{"rendered":"\n<p>Das soziale Lernen als eine Grundlage der Demokratieerziehung hat an der Scharm\u00fctzelsee-Grundschule eine langj\u00e4hrige Tradition und einen hohen Stellenwert. Die Sch\u00fclerinnen und Sch\u00fcler erhalten mit verschiedenen Methoden durchgehend von der 1. bis zur 6. Klasse Unterst\u00fctzung in den Bereichen<\/p>\n\n\n\n<ul><li>Empathief\u00f6rderung, <\/li><li>Selbst- und Fremdwahrnehmung, <\/li><li>R\u00fccksichtnahme\/Interessenausgleich, <\/li><li>Konfliktl\u00f6sung, <\/li><li>Gespr\u00e4chsf\u00fchrung, <\/li><li>demokratische Teilhabe, <\/li><li>Selbstwirksamkeit.<br><\/li><\/ul>\n\n\n\n<p><\/p>\n\n\n\n<p>Diese Bereiche werden durch folgende verbindliche Aktivit\u00e4ten an unserer Schule gef\u00f6rdert.<\/p>\n\n\n\n<p><strong>Faustlos <\/strong><br>Von der 1. bis zur 3. Klasse werden die Sch\u00fclerinnen und Sch\u00fcler eine Unterrichtsstunde w\u00f6chentlich durch Lehrkr\u00e4fte und Erziehende mit dem Programm Faustlos geschult. Durch das Faustlostraining lernen die Kinder<\/p>\n\n\n\n<ul><li>Gef\u00fchle (die eigenen und die des Gegen\u00fcbers) differenzierter wahrzunehmen und langfristig besser zu verstehen,<\/li><li>ein Repertoire an Kompetenzen zur Selbstregulierung der Gef\u00fchle, zum inklusiven<br>Handeln (andere nicht ausgrenzen) und zur Konfliktvermeidung und -l\u00f6sung zu erlernen,<\/li><li>Gespr\u00e4chstechniken (z. B. Ich-Botschaften, empathische, nichtdiskriminierende Sprache,<br>deeskalierende und l\u00f6sungsorientierte Gespr\u00e4chsf\u00fchrung) einzu\u00fcben und zu<br>verinnerlichen.<\/li><\/ul>\n\n\n\n<p>Auf dieser Basis wird in den 4.Klassen der Klassenrat eingef\u00fchrt, der dann bis zum Ende der Grundschulzeit w\u00f6chentlich durchgef\u00fchrt wird. <\/p>\n\n\n\n<p><strong>Buddy<\/strong><br>Ein weiteres Element des sozialen Lernens an der Schule ist die M\u00f6glichkeit, sich als Sch\u00fclerin und Sch\u00fcler der 5.\/6. Klasse zum Buddy ausbilden zu lassen. Im Rahmen eines WUV-Kurses erhalten die Teilnehmerinnen und Teilnehmer eine umfassende Schulung in diesem Programm, das sie bef\u00e4higen soll, anderen Kindern bei der L\u00f6sung von Problemen und Konflikten zu helfen. Nach ihrer Ausbildung werden Buddys z.B. als Streitschlichterinnen und Streitschlichter in der Pause und auf dem Fu\u00dfballplatz eingesetzt.<\/p>\n\n\n\n<p><strong>Zusammenarbeit mit folgenden externen Organisationen zum Thema soziales Lernen:<\/strong><\/p>\n\n\n\n<ul><li>In den 3. Klassen findet das Projekt \u201eKleine Helden\u201c statt.<br><a href=\"https:\/\/www.kleine-helden-deutschland.de\/ \">https:\/\/www.kleine-helden-deutschland.de\/<\/a><\/li><li>In den 4. Klassen wird ein verbindliches Pr\u00e4ventionsprojekt zum Thema \u201eSexueller Missbrauch und Gewalt\u201c durchgef\u00fchrt, bspw. mithilfe der Projekte \u201eStrohhalm\u201c oder \u201eBerliner Jungs\u201c (sowohl f\u00fcr m\u00e4nnliche als auch weibliche Sch\u00fclerinnen und Sch\u00fcler).<br><a href=\"https:\/\/www.strohhalm-ev.de\/\">https:\/\/www.strohhalm-ev.de\/<\/a><br><a href=\"https:\/\/jungs.berlin\/\">https:\/\/jungs.berlin\/<\/a><\/li><li>Die 4. Klassen nehmen an einem Workshop der Internetwerkstatt Netti teil.<br><a href=\"https:\/\/netti.berlin\/\">https:\/\/netti.berlin\/<\/a><\/li><li>In den 5. Klassen findet das Pr\u00e4ventionsprojekt der Polizei \u201eUmgang mit Fremden\u201c und in den 6. Klassen das Pr\u00e4ventionsprojekt der Polizei \u201eCybermobbing, Gewalt\u201c statt.<\/li><li>Kooperation zwischen den Sch\u00fclerinnen und Sch\u00fcler-Vertretungen der Georg-von-Giesche-Schule und der Scharm\u00fctzelsee-Grundschule wird zus\u00e4tzlich vertieft.<\/li><\/ul>\n\n\n\n<p><\/p>\n\n\n\n<p><\/p>\n","protected":false},"excerpt":{"rendered":"<p>Das soziale Lernen als eine Grundlage der Demokratieerziehung hat an der Scharm\u00fctzelsee-Grundschule eine langj\u00e4hrige Tradition und einen hohen Stellenwert. Die Sch\u00fclerinnen und Sch\u00fcler erhalten mit verschiedenen Methoden durchgehend von der 1. bis zur 6. Klasse Unterst\u00fctzung in den Bereichen Empathief\u00f6rderung, &hellip; <a href=\"https:\/\/www.scharmuetzelseegrundschule.de\/?page_id=7661\">Weiterlesen <span class=\"meta-nav\">&rarr;<\/span><\/a><\/p>\n","protected":false},"author":15,"featured_media":0,"parent":0,"menu_order":0,"comment_status":"closed","ping_status":"closed","template":"","meta":{"ngg_post_thumbnail":0},"_links":{"self":[{"href":"https:\/\/www.scharmuetzelseegrundschule.de\/index.php?rest_route=\/wp\/v2\/pages\/7661"}],"collection":[{"href":"https:\/\/www.scharmuetzelseegrundschule.de\/index.php?rest_route=\/wp\/v2\/pages"}],"about":[{"href":"https:\/\/www.scharmuetzelseegrundschule.de\/index.php?rest_route=\/wp\/v2\/types\/page"}],"author":[{"embeddable":true,"href":"https:\/\/www.scharmuetzelseegrundschule.de\/index.php?rest_route=\/wp\/v2\/users\/15"}],"replies":[{"embeddable":true,"href":"https:\/\/www.scharmuetzelseegrundschule.de\/index.php?rest_route=%2Fwp%2Fv2%2Fcomments&post=7661"}],"version-history":[{"count":15,"href":"https:\/\/www.scharmuetzelseegrundschule.de\/index.php?rest_route=\/wp\/v2\/pages\/7661\/revisions"}],"predecessor-version":[{"id":7688,"href":"https:\/\/www.scharmuetzelseegrundschule.de\/index.php?rest_route=\/wp\/v2\/pages\/7661\/revisions\/7688"}],"wp:attachment":[{"href":"https:\/\/www.scharmuetzelseegrundschule.de\/index.php?rest_route=%2Fwp%2Fv2%2Fmedia&parent=7661"}],"curies":[{"name":"wp","href":"https:\/\/api.w.org\/{rel}","templated":true}]}}