{"id":7629,"date":"2022-05-19T12:20:56","date_gmt":"2022-05-19T10:20:56","guid":{"rendered":"https:\/\/www.scharmuetzelseegrundschule.de\/?page_id=7629"},"modified":"2025-09-19T08:53:45","modified_gmt":"2025-09-19T06:53:45","slug":"unsere-schule-in-bildern-von-innen","status":"publish","type":"page","link":"https:\/\/www.scharmuetzelseegrundschule.de\/?page_id=7629","title":{"rendered":"Unsere Schule in Bildern von innen"},"content":{"rendered":"\n<p><strong>Das<\/strong> <strong>Sekretariat<\/strong><br>Im Sekretariat empf\u00e4ngt Sie unsere Sekret\u00e4rin Frau Haller.<\/p>\n\n\n\n<div class=\"wp-block-image\"><figure class=\"aligncenter size-full is-resized\"><a href=\"https:\/\/www.scharmuetzelseegrundschule.de\/wp-content\/uploads\/2022\/05\/Sekretariat-1024x768-1.jpg\"><img loading=\"lazy\" src=\"https:\/\/www.scharmuetzelseegrundschule.de\/wp-content\/uploads\/2022\/05\/Sekretariat-1024x768-1.jpg\" alt=\"\" class=\"wp-image-7631\" width=\"512\" height=\"384\" srcset=\"https:\/\/www.scharmuetzelseegrundschule.de\/wp-content\/uploads\/2022\/05\/Sekretariat-1024x768-1.jpg 1024w, https:\/\/www.scharmuetzelseegrundschule.de\/wp-content\/uploads\/2022\/05\/Sekretariat-1024x768-1-300x225.jpg 300w, https:\/\/www.scharmuetzelseegrundschule.de\/wp-content\/uploads\/2022\/05\/Sekretariat-1024x768-1-768x576.jpg 768w, https:\/\/www.scharmuetzelseegrundschule.de\/wp-content\/uploads\/2022\/05\/Sekretariat-1024x768-1-400x300.jpg 400w\" sizes=\"(max-width: 512px) 100vw, 512px\" \/><\/a><\/figure><\/div>\n\n\n\n<p><strong>Klassenr\u00e4ume<\/strong><br><\/p>\n\n\n\n<div class=\"wp-block-image\"><figure class=\"aligncenter size-large is-resized\"><a href=\"https:\/\/www.scharmuetzelseegrundschule.de\/wp-content\/uploads\/2022\/05\/Klassenraum.jpg\"><img loading=\"lazy\" src=\"https:\/\/www.scharmuetzelseegrundschule.de\/wp-content\/uploads\/2022\/05\/Klassenraum-1024x576.jpg\" alt=\"\" class=\"wp-image-7734\" width=\"527\" height=\"296\" srcset=\"https:\/\/www.scharmuetzelseegrundschule.de\/wp-content\/uploads\/2022\/05\/Klassenraum-1024x576.jpg 1024w, https:\/\/www.scharmuetzelseegrundschule.de\/wp-content\/uploads\/2022\/05\/Klassenraum-300x169.jpg 300w, https:\/\/www.scharmuetzelseegrundschule.de\/wp-content\/uploads\/2022\/05\/Klassenraum-768x432.jpg 768w, https:\/\/www.scharmuetzelseegrundschule.de\/wp-content\/uploads\/2022\/05\/Klassenraum-1536x864.jpg 1536w, https:\/\/www.scharmuetzelseegrundschule.de\/wp-content\/uploads\/2022\/05\/Klassenraum-500x281.jpg 500w, https:\/\/www.scharmuetzelseegrundschule.de\/wp-content\/uploads\/2022\/05\/Klassenraum.jpg 2048w\" sizes=\"(max-width: 527px) 100vw, 527px\" \/><\/a><figcaption>Klassenraum einer 1. Klasse mit Tafel<\/figcaption><\/figure><\/div>\n\n\n\n<p><strong>Fachr\u00e4ume<\/strong><br>Wir haben Fachr\u00e4ume f\u00fcr die Fachbereiche Mathematik, Naturwissenschaften, Franz\u00f6sisch, Bildende Kunst, Musik und einen &#8222;Faustlosraum&#8220;. <\/p>\n\n\n\n<div class=\"wp-block-columns\">\n<div class=\"wp-block-column\">\n<figure class=\"wp-block-image size-large\"><a href=\"https:\/\/www.scharmuetzelseegrundschule.de\/wp-content\/uploads\/2022\/06\/Foto-2-scaled.jpg\"><img loading=\"lazy\" width=\"1024\" height=\"768\" src=\"https:\/\/www.scharmuetzelseegrundschule.de\/wp-content\/uploads\/2022\/06\/Foto-2-1024x768.jpg\" alt=\"\" class=\"wp-image-7818\" srcset=\"https:\/\/www.scharmuetzelseegrundschule.de\/wp-content\/uploads\/2022\/06\/Foto-2-1024x768.jpg 1024w, https:\/\/www.scharmuetzelseegrundschule.de\/wp-content\/uploads\/2022\/06\/Foto-2-300x225.jpg 300w, https:\/\/www.scharmuetzelseegrundschule.de\/wp-content\/uploads\/2022\/06\/Foto-2-768x576.jpg 768w, https:\/\/www.scharmuetzelseegrundschule.de\/wp-content\/uploads\/2022\/06\/Foto-2-1536x1152.jpg 1536w, https:\/\/www.scharmuetzelseegrundschule.de\/wp-content\/uploads\/2022\/06\/Foto-2-2048x1536.jpg 2048w, https:\/\/www.scharmuetzelseegrundschule.de\/wp-content\/uploads\/2022\/06\/Foto-2-400x300.jpg 400w\" sizes=\"(max-width: 1024px) 100vw, 1024px\" \/><\/a><figcaption>Fachraum Franz\u00f6sisch<\/figcaption><\/figure>\n<\/div>\n\n\n\n<div class=\"wp-block-column\">\n<figure class=\"wp-block-image size-large\"><a href=\"https:\/\/www.scharmuetzelseegrundschule.de\/wp-content\/uploads\/2022\/06\/Foto-1-scaled.jpg\"><img loading=\"lazy\" width=\"1024\" height=\"768\" src=\"https:\/\/www.scharmuetzelseegrundschule.de\/wp-content\/uploads\/2022\/06\/Foto-1-1024x768.jpg\" alt=\"\" class=\"wp-image-7819\" srcset=\"https:\/\/www.scharmuetzelseegrundschule.de\/wp-content\/uploads\/2022\/06\/Foto-1-1024x768.jpg 1024w, https:\/\/www.scharmuetzelseegrundschule.de\/wp-content\/uploads\/2022\/06\/Foto-1-300x225.jpg 300w, https:\/\/www.scharmuetzelseegrundschule.de\/wp-content\/uploads\/2022\/06\/Foto-1-768x576.jpg 768w, https:\/\/www.scharmuetzelseegrundschule.de\/wp-content\/uploads\/2022\/06\/Foto-1-1536x1152.jpg 1536w, https:\/\/www.scharmuetzelseegrundschule.de\/wp-content\/uploads\/2022\/06\/Foto-1-2048x1536.jpg 2048w, https:\/\/www.scharmuetzelseegrundschule.de\/wp-content\/uploads\/2022\/06\/Foto-1-400x300.jpg 400w\" sizes=\"(max-width: 1024px) 100vw, 1024px\" \/><\/a><figcaption>Fachraum Franz\u00f6sisch<\/figcaption><\/figure>\n<\/div>\n<\/div>\n\n\n\n<p><strong>Unsere<\/strong> <strong>Aula<\/strong><br>In der Aula finden viele sch\u00f6ne Auftritte und Veranstaltungen f\u00fcr und von unseren Sch\u00fclerinnen und Sch\u00fclern statt.<\/p>\n\n\n\n<div class=\"wp-block-image\"><figure class=\"aligncenter size-full is-resized\"><a href=\"https:\/\/www.scharmuetzelseegrundschule.de\/wp-content\/uploads\/2022\/05\/Aula_Buehne_Instrumente.jpg\"><img loading=\"lazy\" src=\"https:\/\/www.scharmuetzelseegrundschule.de\/wp-content\/uploads\/2022\/05\/Aula_Buehne_Instrumente.jpg\" alt=\"\" class=\"wp-image-7635\" width=\"512\" height=\"341\" srcset=\"https:\/\/www.scharmuetzelseegrundschule.de\/wp-content\/uploads\/2022\/05\/Aula_Buehne_Instrumente.jpg 1024w, https:\/\/www.scharmuetzelseegrundschule.de\/wp-content\/uploads\/2022\/05\/Aula_Buehne_Instrumente-300x200.jpg 300w, https:\/\/www.scharmuetzelseegrundschule.de\/wp-content\/uploads\/2022\/05\/Aula_Buehne_Instrumente-768x512.jpg 768w, https:\/\/www.scharmuetzelseegrundschule.de\/wp-content\/uploads\/2022\/05\/Aula_Buehne_Instrumente-450x300.jpg 450w\" sizes=\"(max-width: 512px) 100vw, 512px\" \/><\/a><\/figure><\/div>\n\n\n\n<p><strong>Die<\/strong> <strong>Schulk\u00fcche<\/strong><br>In der Schulk\u00fcche ist Platz mit einer ganzen Klasse gemeinsam zu backen und zu kochen.<\/p>\n\n\n\n<div class=\"wp-block-image\"><figure class=\"aligncenter size-large is-resized\"><a href=\"https:\/\/www.scharmuetzelseegrundschule.de\/wp-content\/uploads\/2022\/05\/Schulkueche-scaled.jpg\"><img loading=\"lazy\" src=\"https:\/\/www.scharmuetzelseegrundschule.de\/wp-content\/uploads\/2022\/05\/Schulkueche-1024x768.jpg\" alt=\"\" class=\"wp-image-7645\" width=\"512\" height=\"384\" srcset=\"https:\/\/www.scharmuetzelseegrundschule.de\/wp-content\/uploads\/2022\/05\/Schulkueche-1024x768.jpg 1024w, https:\/\/www.scharmuetzelseegrundschule.de\/wp-content\/uploads\/2022\/05\/Schulkueche-300x225.jpg 300w, https:\/\/www.scharmuetzelseegrundschule.de\/wp-content\/uploads\/2022\/05\/Schulkueche-768x576.jpg 768w, https:\/\/www.scharmuetzelseegrundschule.de\/wp-content\/uploads\/2022\/05\/Schulkueche-1536x1152.jpg 1536w, https:\/\/www.scharmuetzelseegrundschule.de\/wp-content\/uploads\/2022\/05\/Schulkueche-2048x1536.jpg 2048w, https:\/\/www.scharmuetzelseegrundschule.de\/wp-content\/uploads\/2022\/05\/Schulkueche-400x300.jpg 400w\" sizes=\"(max-width: 512px) 100vw, 512px\" \/><\/a><\/figure><\/div>\n\n\n\n<p><strong>Die<\/strong> <strong>Mensa<\/strong><br>Unsere Sch\u00fclerinnen und Sch\u00fcler essen ihr Mittagessen in der Mensa. Es gibt zwei Mensar\u00e4ume. Bilder folgen demn\u00e4chst&#8230;<\/p>\n\n\n\n<p><strong>Unsere<\/strong> <strong>Turnhallen<\/strong><br>Es gibt eine gro\u00dfe und und eine kleine Turnhalle. Die gro\u00dfe Turnhalle besitzt eine Trib\u00fcne und kann in drei Teile eingeteilt werden.<\/p>\n\n\n\n<div class=\"wp-block-columns\">\n<div class=\"wp-block-column\">\n<figure class=\"wp-block-image size-large is-resized\"><a href=\"https:\/\/www.scharmuetzelseegrundschule.de\/wp-content\/uploads\/2022\/05\/kleine-Turnhalle-Eingang-scaled.jpg\"><img loading=\"lazy\" src=\"https:\/\/www.scharmuetzelseegrundschule.de\/wp-content\/uploads\/2022\/05\/kleine-Turnhalle-Eingang-1024x768.jpg\" alt=\"\" class=\"wp-image-7642\" width=\"341\" height=\"255\" srcset=\"https:\/\/www.scharmuetzelseegrundschule.de\/wp-content\/uploads\/2022\/05\/kleine-Turnhalle-Eingang-1024x768.jpg 1024w, https:\/\/www.scharmuetzelseegrundschule.de\/wp-content\/uploads\/2022\/05\/kleine-Turnhalle-Eingang-300x225.jpg 300w, https:\/\/www.scharmuetzelseegrundschule.de\/wp-content\/uploads\/2022\/05\/kleine-Turnhalle-Eingang-768x576.jpg 768w, https:\/\/www.scharmuetzelseegrundschule.de\/wp-content\/uploads\/2022\/05\/kleine-Turnhalle-Eingang-1536x1152.jpg 1536w, https:\/\/www.scharmuetzelseegrundschule.de\/wp-content\/uploads\/2022\/05\/kleine-Turnhalle-Eingang-2048x1536.jpg 2048w, https:\/\/www.scharmuetzelseegrundschule.de\/wp-content\/uploads\/2022\/05\/kleine-Turnhalle-Eingang-400x300.jpg 400w\" sizes=\"(max-width: 341px) 100vw, 341px\" \/><\/a><figcaption>Kleine Turnhalle<\/figcaption><\/figure>\n<\/div>\n\n\n\n<div class=\"wp-block-column\">\n<figure class=\"wp-block-image size-large is-resized\"><a href=\"https:\/\/www.scharmuetzelseegrundschule.de\/wp-content\/uploads\/2022\/05\/signal-2022-05-11-13-09-48-130-4-3.jpg\"><img loading=\"lazy\" src=\"https:\/\/www.scharmuetzelseegrundschule.de\/wp-content\/uploads\/2022\/05\/signal-2022-05-11-13-09-48-130-4-3-1024x768.jpg\" alt=\"\" class=\"wp-image-7633\" width=\"350\" height=\"261\"\/><\/a><figcaption> Gro\u00dfe Turnhalle<\/figcaption><\/figure>\n<\/div>\n<\/div>\n\n\n\n<p><\/p>\n","protected":false},"excerpt":{"rendered":"<p>Das SekretariatIm Sekretariat empf\u00e4ngt Sie unsere Sekret\u00e4rin Frau Haller. Klassenr\u00e4ume Fachr\u00e4umeWir haben Fachr\u00e4ume f\u00fcr die Fachbereiche Mathematik, Naturwissenschaften, Franz\u00f6sisch, Bildende Kunst, Musik und einen &#8222;Faustlosraum&#8220;. Unsere AulaIn der Aula finden viele sch\u00f6ne Auftritte und Veranstaltungen f\u00fcr und von unseren Sch\u00fclerinnen &hellip; <a href=\"https:\/\/www.scharmuetzelseegrundschule.de\/?page_id=7629\">Weiterlesen <span class=\"meta-nav\">&rarr;<\/span><\/a><\/p>\n","protected":false},"author":14,"featured_media":0,"parent":0,"menu_order":0,"comment_status":"closed","ping_status":"closed","template":"","meta":{"ngg_post_thumbnail":0},"_links":{"self":[{"href":"https:\/\/www.scharmuetzelseegrundschule.de\/index.php?rest_route=\/wp\/v2\/pages\/7629"}],"collection":[{"href":"https:\/\/www.scharmuetzelseegrundschule.de\/index.php?rest_route=\/wp\/v2\/pages"}],"about":[{"href":"https:\/\/www.scharmuetzelseegrundschule.de\/index.php?rest_route=\/wp\/v2\/types\/page"}],"author":[{"embeddable":true,"href":"https:\/\/www.scharmuetzelseegrundschule.de\/index.php?rest_route=\/wp\/v2\/users\/14"}],"replies":[{"embeddable":true,"href":"https:\/\/www.scharmuetzelseegrundschule.de\/index.php?rest_route=%2Fwp%2Fv2%2Fcomments&post=7629"}],"version-history":[{"count":10,"href":"https:\/\/www.scharmuetzelseegrundschule.de\/index.php?rest_route=\/wp\/v2\/pages\/7629\/revisions"}],"predecessor-version":[{"id":9641,"href":"https:\/\/www.scharmuetzelseegrundschule.de\/index.php?rest_route=\/wp\/v2\/pages\/7629\/revisions\/9641"}],"wp:attachment":[{"href":"https:\/\/www.scharmuetzelseegrundschule.de\/index.php?rest_route=%2Fwp%2Fv2%2Fmedia&parent=7629"}],"curies":[{"name":"wp","href":"https:\/\/api.w.org\/{rel}","templated":true}]}}