{"id":7483,"date":"2022-05-11T11:25:21","date_gmt":"2022-05-11T09:25:21","guid":{"rendered":"https:\/\/www.scharmuetzelseegrundschule.de\/?page_id=7483"},"modified":"2024-12-09T09:56:41","modified_gmt":"2024-12-09T07:56:41","slug":"sportbetonung","status":"publish","type":"page","link":"https:\/\/www.scharmuetzelseegrundschule.de\/?page_id=7483","title":{"rendered":"Sportbetonung"},"content":{"rendered":"\n<p>Wir sind eine sportbetonte Schule. <\/p>\n\n\n\n<ul><li>eine zus\u00e4tzliche Sportstunde pro Woche<\/li><li>ab Klasse 4 eine zus\u00e4tzliche verbindliche Sport-AG am Nachmittag<\/li><li>Teilnahme an schulischen und regionalen Sportveranstaltungen<\/li><li>interne sportliche Veranstaltungen (Scharm\u00fctzler, Speedy-Cup, Krumme Lank- Lauf, Zwei-Felder-Ball-Turnier, Ball \u00fcber die Schnur-Turnier, Bundesjugendspiele im Sommer und im Winter \u2026)<\/li><li>Pausensport<\/li><li>Unter folgendem Link sind noch weitere Informationen zum Fachbereich Sport zu finden:<br><a href=\"https:\/\/www.scharmuetzelseegrundschule.de\/?page_id=7525\" data-type=\"page\" data-id=\"7525\">Fachbereich Sport<\/a><\/li><\/ul>\n\n\n\n<p class=\"has-text-align-left\">Hier findet ihr eine \u00dcbersicht \u00fcber die Sport-AGs an der Scharm\u00fctzelsee-Grundschule<\/p>\n\n\n\n<p class=\"has-text-align-center\"><strong>Sport-AGs <strong>\u2013<\/strong> Schuljahr 2024\/25<\/strong> (Stand: 28.08.2024)<\/p>\n\n\n\n<div class=\"wp-block-file\"><object class=\"wp-block-file__embed\" data=\"https:\/\/www.scharmuetzelseegrundschule.de\/wp-content\/uploads\/2024\/12\/Sport-AGen.pdf\" type=\"application\/pdf\" style=\"width:100%;height:600px\" aria-label=\"Einbettung von Sport-AGen.\"><\/object><a id=\"wp-block-file--media-c51b18a4-572b-459f-b401-42e9ff10b145\" href=\"https:\/\/www.scharmuetzelseegrundschule.de\/wp-content\/uploads\/2024\/12\/Sport-AGen.pdf\">Sport-AGen<\/a><a href=\"https:\/\/www.scharmuetzelseegrundschule.de\/wp-content\/uploads\/2024\/12\/Sport-AGen.pdf\" class=\"wp-block-file__button\" download aria-describedby=\"wp-block-file--media-c51b18a4-572b-459f-b401-42e9ff10b145\">Herunterladen<\/a><\/div>\n","protected":false},"excerpt":{"rendered":"<p>Wir sind eine sportbetonte Schule. eine zus\u00e4tzliche Sportstunde pro Woche ab Klasse 4 eine zus\u00e4tzliche verbindliche Sport-AG am Nachmittag Teilnahme an schulischen und regionalen Sportveranstaltungen interne sportliche Veranstaltungen (Scharm\u00fctzler, Speedy-Cup, Krumme Lank- Lauf, Zwei-Felder-Ball-Turnier, Ball \u00fcber die Schnur-Turnier, Bundesjugendspiele im &hellip; <a href=\"https:\/\/www.scharmuetzelseegrundschule.de\/?page_id=7483\">Weiterlesen <span class=\"meta-nav\">&rarr;<\/span><\/a><\/p>\n","protected":false},"author":15,"featured_media":0,"parent":0,"menu_order":0,"comment_status":"closed","ping_status":"closed","template":"","meta":{"ngg_post_thumbnail":0},"_links":{"self":[{"href":"https:\/\/www.scharmuetzelseegrundschule.de\/index.php?rest_route=\/wp\/v2\/pages\/7483"}],"collection":[{"href":"https:\/\/www.scharmuetzelseegrundschule.de\/index.php?rest_route=\/wp\/v2\/pages"}],"about":[{"href":"https:\/\/www.scharmuetzelseegrundschule.de\/index.php?rest_route=\/wp\/v2\/types\/page"}],"author":[{"embeddable":true,"href":"https:\/\/www.scharmuetzelseegrundschule.de\/index.php?rest_route=\/wp\/v2\/users\/15"}],"replies":[{"embeddable":true,"href":"https:\/\/www.scharmuetzelseegrundschule.de\/index.php?rest_route=%2Fwp%2Fv2%2Fcomments&post=7483"}],"version-history":[{"count":19,"href":"https:\/\/www.scharmuetzelseegrundschule.de\/index.php?rest_route=\/wp\/v2\/pages\/7483\/revisions"}],"predecessor-version":[{"id":9469,"href":"https:\/\/www.scharmuetzelseegrundschule.de\/index.php?rest_route=\/wp\/v2\/pages\/7483\/revisions\/9469"}],"wp:attachment":[{"href":"https:\/\/www.scharmuetzelseegrundschule.de\/index.php?rest_route=%2Fwp%2Fv2%2Fmedia&parent=7483"}],"curies":[{"name":"wp","href":"https:\/\/api.w.org\/{rel}","templated":true}]}}