{"id":7449,"date":"2022-05-12T14:53:14","date_gmt":"2022-05-12T12:53:14","guid":{"rendered":"https:\/\/www.scharmuetzelseegrundschule.de\/?page_id=7449"},"modified":"2022-05-19T12:11:01","modified_gmt":"2022-05-19T10:11:01","slug":"unsere-schule-in-bildern","status":"publish","type":"page","link":"https:\/\/www.scharmuetzelseegrundschule.de\/?page_id=7449","title":{"rendered":"Unsere Schule in Bildern von au\u00dfen"},"content":{"rendered":"\n<p><strong>Hinterhof und Spielplatz<\/strong><br>Spielplatz mit Rutsche, Kletterger\u00fcst, H\u00e4ngeschaukeln, Volleyballfeld, Reckstangen, Kletterfelsen &#8230;<\/p>\n\n\n\n<figure class=\"wp-block-image size-large is-resized\"><a href=\"https:\/\/www.scharmuetzelseegrundschule.de\/wp-content\/uploads\/2022\/05\/Schulhof-hinten-2-1-scaled.jpg\"><img loading=\"lazy\" src=\"https:\/\/www.scharmuetzelseegrundschule.de\/wp-content\/uploads\/2022\/05\/Schulhof-hinten-2-1-1024x768.jpg\" alt=\"\" class=\"wp-image-7597\" width=\"660\" height=\"494\" srcset=\"https:\/\/www.scharmuetzelseegrundschule.de\/wp-content\/uploads\/2022\/05\/Schulhof-hinten-2-1-1024x768.jpg 1024w, https:\/\/www.scharmuetzelseegrundschule.de\/wp-content\/uploads\/2022\/05\/Schulhof-hinten-2-1-300x225.jpg 300w, https:\/\/www.scharmuetzelseegrundschule.de\/wp-content\/uploads\/2022\/05\/Schulhof-hinten-2-1-768x576.jpg 768w, https:\/\/www.scharmuetzelseegrundschule.de\/wp-content\/uploads\/2022\/05\/Schulhof-hinten-2-1-1536x1152.jpg 1536w, https:\/\/www.scharmuetzelseegrundschule.de\/wp-content\/uploads\/2022\/05\/Schulhof-hinten-2-1-2048x1536.jpg 2048w, https:\/\/www.scharmuetzelseegrundschule.de\/wp-content\/uploads\/2022\/05\/Schulhof-hinten-2-1-400x300.jpg 400w\" sizes=\"(max-width: 660px) 100vw, 660px\" \/><\/a><\/figure>\n\n\n\n<div class=\"wp-block-columns\">\n<div class=\"wp-block-column\">\n<figure class=\"wp-block-image size-large is-resized\"><a href=\"https:\/\/www.scharmuetzelseegrundschule.de\/wp-content\/uploads\/2022\/05\/Schulhofhinten-3-scaled.jpg\"><img loading=\"lazy\" src=\"https:\/\/www.scharmuetzelseegrundschule.de\/wp-content\/uploads\/2022\/05\/Schulhofhinten-3-1024x768.jpg\" alt=\"\" class=\"wp-image-7599\" width=\"338\" height=\"252\"\/><\/a><\/figure>\n<\/div>\n\n\n\n<div class=\"wp-block-column\">\n<figure class=\"wp-block-image size-large is-resized\"><a href=\"https:\/\/www.scharmuetzelseegrundschule.de\/wp-content\/uploads\/2022\/05\/Kletterfelsen-scaled.jpg\"><img loading=\"lazy\" src=\"https:\/\/www.scharmuetzelseegrundschule.de\/wp-content\/uploads\/2022\/05\/Kletterfelsen-1024x768.jpg\" alt=\"\" class=\"wp-image-7596\" width=\"339\" height=\"253\" srcset=\"https:\/\/www.scharmuetzelseegrundschule.de\/wp-content\/uploads\/2022\/05\/Kletterfelsen-1024x768.jpg 1024w, https:\/\/www.scharmuetzelseegrundschule.de\/wp-content\/uploads\/2022\/05\/Kletterfelsen-300x225.jpg 300w, https:\/\/www.scharmuetzelseegrundschule.de\/wp-content\/uploads\/2022\/05\/Kletterfelsen-768x576.jpg 768w, https:\/\/www.scharmuetzelseegrundschule.de\/wp-content\/uploads\/2022\/05\/Kletterfelsen-1536x1152.jpg 1536w, https:\/\/www.scharmuetzelseegrundschule.de\/wp-content\/uploads\/2022\/05\/Kletterfelsen-2048x1536.jpg 2048w, https:\/\/www.scharmuetzelseegrundschule.de\/wp-content\/uploads\/2022\/05\/Kletterfelsen-400x300.jpg 400w\" sizes=\"(max-width: 339px) 100vw, 339px\" \/><\/a><\/figure>\n<\/div>\n<\/div>\n\n\n\n<p><strong>Schuleingang Vorderhof<\/strong><\/p>\n\n\n\n<figure class=\"wp-block-image size-large is-resized\"><a href=\"https:\/\/www.scharmuetzelseegrundschule.de\/wp-content\/uploads\/2022\/05\/Schulhof-vorne-scaled.jpg\"><img loading=\"lazy\" src=\"https:\/\/www.scharmuetzelseegrundschule.de\/wp-content\/uploads\/2022\/05\/Schulhof-vorne-1024x768.jpg\" alt=\"\" class=\"wp-image-7601\" width=\"660\" height=\"494\" srcset=\"https:\/\/www.scharmuetzelseegrundschule.de\/wp-content\/uploads\/2022\/05\/Schulhof-vorne-1024x768.jpg 1024w, https:\/\/www.scharmuetzelseegrundschule.de\/wp-content\/uploads\/2022\/05\/Schulhof-vorne-300x225.jpg 300w, https:\/\/www.scharmuetzelseegrundschule.de\/wp-content\/uploads\/2022\/05\/Schulhof-vorne-768x576.jpg 768w, https:\/\/www.scharmuetzelseegrundschule.de\/wp-content\/uploads\/2022\/05\/Schulhof-vorne-1536x1152.jpg 1536w, https:\/\/www.scharmuetzelseegrundschule.de\/wp-content\/uploads\/2022\/05\/Schulhof-vorne-2048x1536.jpg 2048w, https:\/\/www.scharmuetzelseegrundschule.de\/wp-content\/uploads\/2022\/05\/Schulhof-vorne-400x300.jpg 400w\" sizes=\"(max-width: 660px) 100vw, 660px\" \/><\/a><\/figure>\n\n\n\n<div class=\"wp-block-columns\">\n<div class=\"wp-block-column\">\n<figure class=\"wp-block-image size-large is-resized\"><a href=\"https:\/\/www.scharmuetzelseegrundschule.de\/wp-content\/uploads\/2022\/05\/Schulhof-vorne-2-scaled.jpg\"><img loading=\"lazy\" src=\"https:\/\/www.scharmuetzelseegrundschule.de\/wp-content\/uploads\/2022\/05\/Schulhof-vorne-2-1024x768.jpg\" alt=\"\" class=\"wp-image-7602\" width=\"660\" height=\"492\"\/><\/a><\/figure>\n<\/div>\n<\/div>\n\n\n\n<p><strong>Pergola, Beete und Kr\u00e4uterschnecke<\/strong><\/p>\n\n\n\n<div class=\"wp-block-columns\">\n<div class=\"wp-block-column\">\n<figure class=\"wp-block-image size-large is-resized\"><a href=\"https:\/\/www.scharmuetzelseegrundschule.de\/wp-content\/uploads\/2022\/05\/20220510_113340-scaled.jpg\"><img loading=\"lazy\" src=\"https:\/\/www.scharmuetzelseegrundschule.de\/wp-content\/uploads\/2022\/05\/20220510_113340-1024x768.jpg\" alt=\"\" class=\"wp-image-7457\" width=\"346\" height=\"258\"\/><\/a><\/figure>\n<\/div>\n\n\n\n<div class=\"wp-block-column\">\n<figure class=\"wp-block-image size-large is-resized\"><a href=\"https:\/\/www.scharmuetzelseegrundschule.de\/wp-content\/uploads\/2022\/05\/20220510_113454-scaled.jpg\"><img loading=\"lazy\" src=\"https:\/\/www.scharmuetzelseegrundschule.de\/wp-content\/uploads\/2022\/05\/20220510_113454-1024x768.jpg\" alt=\"\" class=\"wp-image-7458\" width=\"345\" height=\"259\" srcset=\"https:\/\/www.scharmuetzelseegrundschule.de\/wp-content\/uploads\/2022\/05\/20220510_113454-1024x768.jpg 1024w, https:\/\/www.scharmuetzelseegrundschule.de\/wp-content\/uploads\/2022\/05\/20220510_113454-300x225.jpg 300w, https:\/\/www.scharmuetzelseegrundschule.de\/wp-content\/uploads\/2022\/05\/20220510_113454-768x576.jpg 768w, https:\/\/www.scharmuetzelseegrundschule.de\/wp-content\/uploads\/2022\/05\/20220510_113454-1536x1152.jpg 1536w, https:\/\/www.scharmuetzelseegrundschule.de\/wp-content\/uploads\/2022\/05\/20220510_113454-2048x1536.jpg 2048w, https:\/\/www.scharmuetzelseegrundschule.de\/wp-content\/uploads\/2022\/05\/20220510_113454-400x300.jpg 400w\" sizes=\"(max-width: 345px) 100vw, 345px\" \/><\/a><\/figure>\n<\/div>\n<\/div>\n\n\n\n<p><strong>Barfu\u00dfwiese und buntes H\u00e4uschen<\/strong><\/p>\n\n\n\n<div class=\"wp-block-columns\">\n<div class=\"wp-block-column\">\n<figure class=\"wp-block-image size-large is-resized\"><a href=\"https:\/\/www.scharmuetzelseegrundschule.de\/wp-content\/uploads\/2022\/05\/20220328_092904-2-scaled.jpg\"><img loading=\"lazy\" src=\"https:\/\/www.scharmuetzelseegrundschule.de\/wp-content\/uploads\/2022\/05\/20220328_092904-2-1024x768.jpg\" alt=\"\" class=\"wp-image-7461\" width=\"346\" height=\"258\"\/><\/a><\/figure>\n<\/div>\n\n\n\n<div class=\"wp-block-column\">\n<figure class=\"wp-block-image size-large is-resized\"><a href=\"https:\/\/www.scharmuetzelseegrundschule.de\/wp-content\/uploads\/2022\/05\/20220328_092716-scaled.jpg\"><img loading=\"lazy\" src=\"https:\/\/www.scharmuetzelseegrundschule.de\/wp-content\/uploads\/2022\/05\/20220328_092716-1024x768.jpg\" alt=\"\" class=\"wp-image-7462\" width=\"347\" height=\"258\"\/><\/a><\/figure>\n<\/div>\n<\/div>\n\n\n\n<p><strong>Sportplatz mit Laufstrecke <\/strong><\/p>\n\n\n\n<div class=\"wp-block-columns\">\n<div class=\"wp-block-column\" style=\"flex-basis:100%\">\n<div class=\"wp-block-columns\">\n<div class=\"wp-block-column\">\n<figure class=\"wp-block-image size-large is-resized\"><a href=\"https:\/\/www.scharmuetzelseegrundschule.de\/wp-content\/uploads\/2022\/05\/20220328_103605-scaled.jpg\"><img loading=\"lazy\" src=\"https:\/\/www.scharmuetzelseegrundschule.de\/wp-content\/uploads\/2022\/05\/20220328_103605-1024x768.jpg\" alt=\"\" class=\"wp-image-7472\" width=\"662\" height=\"497\" srcset=\"https:\/\/www.scharmuetzelseegrundschule.de\/wp-content\/uploads\/2022\/05\/20220328_103605-1024x768.jpg 1024w, https:\/\/www.scharmuetzelseegrundschule.de\/wp-content\/uploads\/2022\/05\/20220328_103605-300x225.jpg 300w, https:\/\/www.scharmuetzelseegrundschule.de\/wp-content\/uploads\/2022\/05\/20220328_103605-768x576.jpg 768w, https:\/\/www.scharmuetzelseegrundschule.de\/wp-content\/uploads\/2022\/05\/20220328_103605-1536x1152.jpg 1536w, https:\/\/www.scharmuetzelseegrundschule.de\/wp-content\/uploads\/2022\/05\/20220328_103605-2048x1536.jpg 2048w, https:\/\/www.scharmuetzelseegrundschule.de\/wp-content\/uploads\/2022\/05\/20220328_103605-400x300.jpg 400w\" sizes=\"(max-width: 662px) 100vw, 662px\" \/><\/a><\/figure>\n<\/div>\n<\/div>\n<\/div>\n<\/div>\n\n\n\n<p><strong>Tischtennisplatten und Schuppen mit diversen Sport- und Spielger\u00e4ten<\/strong><br>Die Sch\u00fclerinnen und Sch\u00fcler k\u00f6nnen w\u00e4hrend der gro\u00dfen Pause und im Hortbereich die Sport- und Spielger\u00e4te nutzen. Im Schuppen befinden sich zudem Fahrr\u00e4der, die f\u00fcr die Fahrrad &#8211; AG in der 2. Klasse genutzt werden.<\/p>\n\n\n\n<div class=\"wp-block-columns\">\n<div class=\"wp-block-column\">\n<figure class=\"wp-block-image size-large is-resized\"><a href=\"https:\/\/www.scharmuetzelseegrundschule.de\/wp-content\/uploads\/2022\/05\/20220328_103328-scaled.jpg\"><img loading=\"lazy\" src=\"https:\/\/www.scharmuetzelseegrundschule.de\/wp-content\/uploads\/2022\/05\/20220328_103328-1024x768.jpg\" alt=\"\" class=\"wp-image-7473\" width=\"344\" height=\"257\" srcset=\"https:\/\/www.scharmuetzelseegrundschule.de\/wp-content\/uploads\/2022\/05\/20220328_103328-1024x768.jpg 1024w, https:\/\/www.scharmuetzelseegrundschule.de\/wp-content\/uploads\/2022\/05\/20220328_103328-300x225.jpg 300w, https:\/\/www.scharmuetzelseegrundschule.de\/wp-content\/uploads\/2022\/05\/20220328_103328-768x576.jpg 768w, https:\/\/www.scharmuetzelseegrundschule.de\/wp-content\/uploads\/2022\/05\/20220328_103328-1536x1152.jpg 1536w, https:\/\/www.scharmuetzelseegrundschule.de\/wp-content\/uploads\/2022\/05\/20220328_103328-2048x1536.jpg 2048w, https:\/\/www.scharmuetzelseegrundschule.de\/wp-content\/uploads\/2022\/05\/20220328_103328-400x300.jpg 400w\" sizes=\"(max-width: 344px) 100vw, 344px\" \/><\/a><\/figure>\n<\/div>\n\n\n\n<div class=\"wp-block-column\">\n<figure class=\"wp-block-image size-large is-resized\"><a href=\"https:\/\/www.scharmuetzelseegrundschule.de\/wp-content\/uploads\/2022\/05\/20220510_114337-scaled.jpg\"><img loading=\"lazy\" src=\"https:\/\/www.scharmuetzelseegrundschule.de\/wp-content\/uploads\/2022\/05\/20220510_114337-1024x768.jpg\" alt=\"\" class=\"wp-image-7474\" width=\"344\" height=\"257\" srcset=\"https:\/\/www.scharmuetzelseegrundschule.de\/wp-content\/uploads\/2022\/05\/20220510_114337-1024x768.jpg 1024w, https:\/\/www.scharmuetzelseegrundschule.de\/wp-content\/uploads\/2022\/05\/20220510_114337-300x225.jpg 300w, https:\/\/www.scharmuetzelseegrundschule.de\/wp-content\/uploads\/2022\/05\/20220510_114337-768x576.jpg 768w, https:\/\/www.scharmuetzelseegrundschule.de\/wp-content\/uploads\/2022\/05\/20220510_114337-1536x1152.jpg 1536w, https:\/\/www.scharmuetzelseegrundschule.de\/wp-content\/uploads\/2022\/05\/20220510_114337-2048x1536.jpg 2048w, https:\/\/www.scharmuetzelseegrundschule.de\/wp-content\/uploads\/2022\/05\/20220510_114337-400x300.jpg 400w\" sizes=\"(max-width: 344px) 100vw, 344px\" \/><\/a><\/figure>\n<\/div>\n<\/div>\n\n\n\n<p><\/p>\n","protected":false},"excerpt":{"rendered":"<p>Hinterhof und SpielplatzSpielplatz mit Rutsche, Kletterger\u00fcst, H\u00e4ngeschaukeln, Volleyballfeld, Reckstangen, Kletterfelsen &#8230; Schuleingang Vorderhof Pergola, Beete und Kr\u00e4uterschnecke Barfu\u00dfwiese und buntes H\u00e4uschen Sportplatz mit Laufstrecke Tischtennisplatten und Schuppen mit diversen Sport- und Spielger\u00e4tenDie Sch\u00fclerinnen und Sch\u00fcler k\u00f6nnen w\u00e4hrend der gro\u00dfen Pause &hellip; <a href=\"https:\/\/www.scharmuetzelseegrundschule.de\/?page_id=7449\">Weiterlesen <span class=\"meta-nav\">&rarr;<\/span><\/a><\/p>\n","protected":false},"author":15,"featured_media":0,"parent":0,"menu_order":0,"comment_status":"closed","ping_status":"closed","template":"","meta":{"ngg_post_thumbnail":0},"_links":{"self":[{"href":"https:\/\/www.scharmuetzelseegrundschule.de\/index.php?rest_route=\/wp\/v2\/pages\/7449"}],"collection":[{"href":"https:\/\/www.scharmuetzelseegrundschule.de\/index.php?rest_route=\/wp\/v2\/pages"}],"about":[{"href":"https:\/\/www.scharmuetzelseegrundschule.de\/index.php?rest_route=\/wp\/v2\/types\/page"}],"author":[{"embeddable":true,"href":"https:\/\/www.scharmuetzelseegrundschule.de\/index.php?rest_route=\/wp\/v2\/users\/15"}],"replies":[{"embeddable":true,"href":"https:\/\/www.scharmuetzelseegrundschule.de\/index.php?rest_route=%2Fwp%2Fv2%2Fcomments&post=7449"}],"version-history":[{"count":11,"href":"https:\/\/www.scharmuetzelseegrundschule.de\/index.php?rest_route=\/wp\/v2\/pages\/7449\/revisions"}],"predecessor-version":[{"id":7659,"href":"https:\/\/www.scharmuetzelseegrundschule.de\/index.php?rest_route=\/wp\/v2\/pages\/7449\/revisions\/7659"}],"wp:attachment":[{"href":"https:\/\/www.scharmuetzelseegrundschule.de\/index.php?rest_route=%2Fwp%2Fv2%2Fmedia&parent=7449"}],"curies":[{"name":"wp","href":"https:\/\/api.w.org\/{rel}","templated":true}]}}