{"id":7401,"date":"2022-05-05T11:58:28","date_gmt":"2022-05-05T09:58:28","guid":{"rendered":"https:\/\/www.scharmuetzelseegrundschule.de\/?page_id=7401"},"modified":"2022-05-05T11:58:28","modified_gmt":"2022-05-05T09:58:28","slug":"unsere-schuelerfahrt-nach-strassburg","status":"publish","type":"page","link":"https:\/\/www.scharmuetzelseegrundschule.de\/?page_id=7401","title":{"rendered":"Unsere Sch\u00fclerfahrt nach Stra\u00dfburg"},"content":{"rendered":"\n<p>28.03.- 01.04.2022 Wir fahren nach Kehl \u2013 Strasbourg<\/p>\n\n\n\n<p>Nachdem wir schweren Herzens, aufgrund der Corona-Pandemie, die geplante Fahrt im letzten Schuljahr absagen mussten, freuten sich unsere Sch\u00fcler*innen in diesem Schuljahr umso mehr, endlich auf Reisen gehen zu k\u00f6nnen.<br>Am Montagmorgen ging es los. 28 sehr aufgeregte Kinder und ihre Eltern trafen sich am Hauptbahnhof, um in den Zug Richtung Frankreich einzusteigen. Nach der Ankunft in der Jugendherberge in Kehl (an der deutsch-franz\u00f6sischen Grenze) konnten die Sch\u00fcler_innen schon am sp\u00e4ten Nachmittag ihre ersten Schritte \u00fcber die Grenze wagen. Zu Fu\u00df ging es \u00fcber die Fu\u00dfg\u00e4ngerbr\u00fccke am Rhein. Nicht nur das Gef\u00fchl, genau zwischen zwei L\u00e4ndern zu pendeln, war f\u00fcr unsere Kinder gro\u00dfartig. Nein, auch die erste Bekanntschaft mit einem waschechten Franzosen, der mit viel Geduld unsere Sch\u00fcler*innen auf seiner Slackline laufen lie\u00df, war das erste Highlight.<br><\/p>\n\n\n\n<div class=\"wp-block-image\"><figure class=\"aligncenter size-medium\"><a href=\"https:\/\/www.scharmuetzelseegrundschule.de\/wp-content\/uploads\/2022\/05\/2-halb-in-Frankreich-und-halb-in-Deutschland-auf-der-Fussgaengerbruecke-scaled.jpg\"><img loading=\"lazy\" width=\"225\" height=\"300\" src=\"https:\/\/www.scharmuetzelseegrundschule.de\/wp-content\/uploads\/2022\/05\/2-halb-in-Frankreich-und-halb-in-Deutschland-auf-der-Fussgaengerbruecke-225x300.jpg\" alt=\"\" class=\"wp-image-7402\" srcset=\"https:\/\/www.scharmuetzelseegrundschule.de\/wp-content\/uploads\/2022\/05\/2-halb-in-Frankreich-und-halb-in-Deutschland-auf-der-Fussgaengerbruecke-225x300.jpg 225w, https:\/\/www.scharmuetzelseegrundschule.de\/wp-content\/uploads\/2022\/05\/2-halb-in-Frankreich-und-halb-in-Deutschland-auf-der-Fussgaengerbruecke-768x1024.jpg 768w, https:\/\/www.scharmuetzelseegrundschule.de\/wp-content\/uploads\/2022\/05\/2-halb-in-Frankreich-und-halb-in-Deutschland-auf-der-Fussgaengerbruecke-1152x1536.jpg 1152w, https:\/\/www.scharmuetzelseegrundschule.de\/wp-content\/uploads\/2022\/05\/2-halb-in-Frankreich-und-halb-in-Deutschland-auf-der-Fussgaengerbruecke-1536x2048.jpg 1536w, https:\/\/www.scharmuetzelseegrundschule.de\/wp-content\/uploads\/2022\/05\/2-halb-in-Frankreich-und-halb-in-Deutschland-auf-der-Fussgaengerbruecke-scaled.jpg 1920w\" sizes=\"(max-width: 225px) 100vw, 225px\" \/><\/a><\/figure><\/div>\n\n\n\n<p>Am ersten Tag fuhren wir dann mit der Trambahn ins Stadtzentrum, um Stra\u00dfburg zu erobern. Zun\u00e4chst ging es ins M\u00fcnster und zur astronomischen Uhr und im Anschluss auf den Aussichtsturm. Von dem Weg durch das schmale, sich immer wendende Treppenhaus konnte einem schon ganz sch\u00f6n schwindelig werden. Aber die Aussicht war unsere gro\u00dfe Belohnung. In Kleingruppen wurden anschlie\u00dfend R\u00e4tselfragen rund um Stra\u00dfburgs Sehensw\u00fcrdigkeiten gel\u00f6st und auch die 6. Kl\u00e4ssler_innen \u00fcbten sich als Stadtf\u00fchrer_innen, indem sie spannende Kurzreferate zu wichtigen Sehensw\u00fcrdigkeiten vor Ort hielten. <\/p>\n\n\n\n<div class=\"wp-block-image\"><figure class=\"aligncenter size-medium\"><a href=\"https:\/\/www.scharmuetzelseegrundschule.de\/wp-content\/uploads\/2022\/05\/3-Vortrag-der-6.Klaessler-1-scaled.jpeg\"><img loading=\"lazy\" width=\"225\" height=\"300\" src=\"https:\/\/www.scharmuetzelseegrundschule.de\/wp-content\/uploads\/2022\/05\/3-Vortrag-der-6.Klaessler-1-225x300.jpeg\" alt=\"\" class=\"wp-image-7404\" srcset=\"https:\/\/www.scharmuetzelseegrundschule.de\/wp-content\/uploads\/2022\/05\/3-Vortrag-der-6.Klaessler-1-225x300.jpeg 225w, https:\/\/www.scharmuetzelseegrundschule.de\/wp-content\/uploads\/2022\/05\/3-Vortrag-der-6.Klaessler-1-768x1024.jpeg 768w, https:\/\/www.scharmuetzelseegrundschule.de\/wp-content\/uploads\/2022\/05\/3-Vortrag-der-6.Klaessler-1-1152x1536.jpeg 1152w, https:\/\/www.scharmuetzelseegrundschule.de\/wp-content\/uploads\/2022\/05\/3-Vortrag-der-6.Klaessler-1-1536x2048.jpeg 1536w, https:\/\/www.scharmuetzelseegrundschule.de\/wp-content\/uploads\/2022\/05\/3-Vortrag-der-6.Klaessler-1-scaled.jpeg 1920w\" sizes=\"(max-width: 225px) 100vw, 225px\" \/><\/a><\/figure><\/div>\n\n\n\n<p>Am zweiten Tag f\u00fchrte unser Weg ins moderne Stra\u00dfburg und zwar ins Europaviertel. Ein bisschen unsicher waren sich die Sch\u00fcler*innen anfangs, ob dieser Ausflug wirklich interessant werden k\u00f6nnte: Es hie\u00df n\u00e4mlich, dass aufgrund der Coroana-Regelungen kein Besuch des Europaparlaments m\u00f6glich sein w\u00fcrde. Welche \u00dcberraschung war es dann, als wir freundlich empfangen wurden und uns unvermittelt im Innenhof des eindrucksvollen Geb\u00e4udes wiederfanden. Und nicht nur das. Wir durften das gesamte Geb\u00e4ude besichtigen und sogar den Plenarsaal sehen, in dem in diesem Moment eine echte Live-Videokonferenz stattfand. Wenn man sich so unser Foto unter den Europaflaggen ansieht, bin ich mir ziemlich sicher, dass anl\u00e4ssig dieses Ausflugs noch der*die eine oder andere Sch\u00fcler*in im europ\u00e4ischen Kontext von sich h\u00f6ren lassen wird. Nach all diese Aufregungen ging es dann zur\u00fcck in die Altstadt und wir konnten uns bei einerBootstour auf dem sogenannten \u201eb\u00e2teau-mouche\u201c erholen. <\/p>\n\n\n\n<div class=\"wp-block-columns\">\n<div class=\"wp-block-column\">\n<figure class=\"wp-block-image size-large is-resized\"><a href=\"https:\/\/www.scharmuetzelseegrundschule.de\/wp-content\/uploads\/2022\/05\/4-Wir-im-Europaparlament-scaled.jpeg\"><img loading=\"lazy\" src=\"https:\/\/www.scharmuetzelseegrundschule.de\/wp-content\/uploads\/2022\/05\/4-Wir-im-Europaparlament-1024x768.jpeg\" alt=\"\" class=\"wp-image-7406\" width=\"332\" height=\"247\"\/><\/a><\/figure>\n<\/div>\n\n\n\n<div class=\"wp-block-column\">\n<figure class=\"wp-block-image size-large is-resized\"><a href=\"https:\/\/www.scharmuetzelseegrundschule.de\/wp-content\/uploads\/2022\/05\/5-bateau-mouche-unsere-Bootstour-1-scaled.jpg\"><img loading=\"lazy\" src=\"https:\/\/www.scharmuetzelseegrundschule.de\/wp-content\/uploads\/2022\/05\/5-bateau-mouche-unsere-Bootstour-1-768x1024.jpg\" alt=\"\" class=\"wp-image-7407\" width=\"181\" height=\"245\"\/><\/a><\/figure>\n<\/div>\n<\/div>\n\n\n\n<p>Am dritten Tag wartete direkt ein Reisebus vor unserer Unterkunft und fuhr uns zur<br>Hochk\u00f6nigsburg, einer komplett restaurierten mittelalterlichen Museumsburg. Hier waren unsere 5. Kl\u00e4ssler_innen gefragt, die nun ihr erarbeitetes Wissen \u00fcber die Burg vortragen durften. Leider hat uns das Wetter an diesem Tag \u00fcbel mitgespielt und Regen mit Nebel vermischt verhindertesowohl den Blick von der Burg als auch eine Picknickpause in der eigentlich sehr sch\u00f6nen Umgebung.<\/p>\n\n\n\n<div class=\"wp-block-image\"><figure class=\"aligncenter size-medium\"><a href=\"https:\/\/www.scharmuetzelseegrundschule.de\/wp-content\/uploads\/2022\/05\/7-Auf-der-Hochkoenigsburg-1-scaled.jpg\"><img loading=\"lazy\" width=\"225\" height=\"300\" src=\"https:\/\/www.scharmuetzelseegrundschule.de\/wp-content\/uploads\/2022\/05\/7-Auf-der-Hochkoenigsburg-1-225x300.jpg\" alt=\"\" class=\"wp-image-7409\" srcset=\"https:\/\/www.scharmuetzelseegrundschule.de\/wp-content\/uploads\/2022\/05\/7-Auf-der-Hochkoenigsburg-1-225x300.jpg 225w, https:\/\/www.scharmuetzelseegrundschule.de\/wp-content\/uploads\/2022\/05\/7-Auf-der-Hochkoenigsburg-1-768x1024.jpg 768w, https:\/\/www.scharmuetzelseegrundschule.de\/wp-content\/uploads\/2022\/05\/7-Auf-der-Hochkoenigsburg-1-1152x1536.jpg 1152w, https:\/\/www.scharmuetzelseegrundschule.de\/wp-content\/uploads\/2022\/05\/7-Auf-der-Hochkoenigsburg-1-1536x2048.jpg 1536w, https:\/\/www.scharmuetzelseegrundschule.de\/wp-content\/uploads\/2022\/05\/7-Auf-der-Hochkoenigsburg-1-scaled.jpg 1920w\" sizes=\"(max-width: 225px) 100vw, 225px\" \/><\/a><\/figure><\/div>\n\n\n\n<p>Am vierten Tag besuchten wir einen kleinen Markt, um unsere Franz\u00f6sischkenntnisse zu erproben und auch schon die ersten Mitbringsel einzukaufen. Was f\u00fcr ein Gl\u00fcck wir mit unserem bretonischen Markth\u00e4ndler hatten, der wirklich kein Wort Deutsch konnte und sich so \u00fcber seine junge Kundschaft freute! Mit Engelsgeduld lauschte er unseren Sch\u00fcler_innen, die abwechselnd mal drei \u00c4pfel, sieben Birnen oder auch sechs Karotten bei ihm auf Franz\u00f6sisch kauften. Auch unser Cr\u00eapeverk\u00e4ufer verdient ein dickes Lob. Denn es gelang ihm innerhalb einer Viertelstunde an die 30 Cr\u00eapes zu backen. Nur kalt war es sehr und daher diente das els\u00e4ssische Museum auch bei einigen Kindern eher der Aufw\u00e4rmung als der Wissenserweiterung zum Thema \u201eEls\u00e4ssische Kulturgeschichte.\u201c<\/p>\n\n\n\n<div class=\"wp-block-image\"><figure class=\"aligncenter size-medium\"><a href=\"https:\/\/www.scharmuetzelseegrundschule.de\/wp-content\/uploads\/2022\/05\/8-crepes-auf-dem-Markt-scaled.jpg\"><img loading=\"lazy\" width=\"225\" height=\"300\" src=\"https:\/\/www.scharmuetzelseegrundschule.de\/wp-content\/uploads\/2022\/05\/8-crepes-auf-dem-Markt-225x300.jpg\" alt=\"\" class=\"wp-image-7410\" srcset=\"https:\/\/www.scharmuetzelseegrundschule.de\/wp-content\/uploads\/2022\/05\/8-crepes-auf-dem-Markt-225x300.jpg 225w, https:\/\/www.scharmuetzelseegrundschule.de\/wp-content\/uploads\/2022\/05\/8-crepes-auf-dem-Markt-768x1024.jpg 768w, https:\/\/www.scharmuetzelseegrundschule.de\/wp-content\/uploads\/2022\/05\/8-crepes-auf-dem-Markt-1152x1536.jpg 1152w, https:\/\/www.scharmuetzelseegrundschule.de\/wp-content\/uploads\/2022\/05\/8-crepes-auf-dem-Markt-1536x2048.jpg 1536w, https:\/\/www.scharmuetzelseegrundschule.de\/wp-content\/uploads\/2022\/05\/8-crepes-auf-dem-Markt-scaled.jpg 1920w\" sizes=\"(max-width: 225px) 100vw, 225px\" \/><\/a><\/figure><\/div>\n\n\n\n<p>Am Nachmittag nahmen wir in der Jugendherberge an einer \u201eanimation linguistique\u201c teil, um unsere Sprachpraxis weiter zu trainieren.<br>Am Samstagmorgen hie\u00df es dann schon wieder Abschied nehmen. Etwas m\u00fcde, aber gl\u00fccklich schleppten wir unser schweres Gep\u00e4ck mit den vielen Mitbringseln zum Bahnhof und kamen nachmittags p\u00fcnktlich in Berlin wieder an. Nun bleiben die vielen sch\u00f6nen Erinnerung bis zu unserer n\u00e4chsten Reise.<\/p>\n\n\n\n<p><\/p>\n","protected":false},"excerpt":{"rendered":"<p>28.03.- 01.04.2022 Wir fahren nach Kehl \u2013 Strasbourg Nachdem wir schweren Herzens, aufgrund der Corona-Pandemie, die geplante Fahrt im letzten Schuljahr absagen mussten, freuten sich unsere Sch\u00fcler*innen in diesem Schuljahr umso mehr, endlich auf Reisen gehen zu k\u00f6nnen.Am Montagmorgen ging &hellip; <a href=\"https:\/\/www.scharmuetzelseegrundschule.de\/?page_id=7401\">Weiterlesen <span class=\"meta-nav\">&rarr;<\/span><\/a><\/p>\n","protected":false},"author":15,"featured_media":0,"parent":0,"menu_order":0,"comment_status":"closed","ping_status":"closed","template":"","meta":{"ngg_post_thumbnail":0},"_links":{"self":[{"href":"https:\/\/www.scharmuetzelseegrundschule.de\/index.php?rest_route=\/wp\/v2\/pages\/7401"}],"collection":[{"href":"https:\/\/www.scharmuetzelseegrundschule.de\/index.php?rest_route=\/wp\/v2\/pages"}],"about":[{"href":"https:\/\/www.scharmuetzelseegrundschule.de\/index.php?rest_route=\/wp\/v2\/types\/page"}],"author":[{"embeddable":true,"href":"https:\/\/www.scharmuetzelseegrundschule.de\/index.php?rest_route=\/wp\/v2\/users\/15"}],"replies":[{"embeddable":true,"href":"https:\/\/www.scharmuetzelseegrundschule.de\/index.php?rest_route=%2Fwp%2Fv2%2Fcomments&post=7401"}],"version-history":[{"count":4,"href":"https:\/\/www.scharmuetzelseegrundschule.de\/index.php?rest_route=\/wp\/v2\/pages\/7401\/revisions"}],"predecessor-version":[{"id":7414,"href":"https:\/\/www.scharmuetzelseegrundschule.de\/index.php?rest_route=\/wp\/v2\/pages\/7401\/revisions\/7414"}],"wp:attachment":[{"href":"https:\/\/www.scharmuetzelseegrundschule.de\/index.php?rest_route=%2Fwp%2Fv2%2Fmedia&parent=7401"}],"curies":[{"name":"wp","href":"https:\/\/api.w.org\/{rel}","templated":true}]}}