{"id":6473,"date":"2021-02-01T15:20:17","date_gmt":"2021-02-01T13:20:17","guid":{"rendered":"https:\/\/www.scharmuetzelseegrundschule.de\/?page_id=6473"},"modified":"2022-05-05T12:34:08","modified_gmt":"2022-05-05T10:34:08","slug":"werbeflyer","status":"publish","type":"page","link":"https:\/\/www.scharmuetzelseegrundschule.de\/?page_id=6473","title":{"rendered":"Werbeflyer"},"content":{"rendered":"\n<p><strong>Die Bedeutung der Sprache Franz\u00f6sisch&nbsp;<\/strong><\/p>\n\n\n\n<p>Der Werbeflyer f\u00fcr Franz\u00f6sisch an der SGS mit dem Einlegeblatt zum Angebot &#8222;Franz\u00f6sisch&#8220; der Grundschulen und weiterf\u00fchrenden Schulen in Berlin.<\/p>\n\n\n\n<div class=\"wp-block-file\"><a id=\"wp-block-file--media-2229d723-3d0f-4d45-9c26-dd347b90a00a\" href=\"https:\/\/www.scharmuetzelseegrundschule.de\/wp-content\/uploads\/2021\/02\/201208_fr-flyer_digital.pdf\">201208_fr-flyer_digital<\/a><a href=\"https:\/\/www.scharmuetzelseegrundschule.de\/wp-content\/uploads\/2021\/02\/201208_fr-flyer_digital.pdf\" class=\"wp-block-file__button\" download aria-describedby=\"wp-block-file--media-2229d723-3d0f-4d45-9c26-dd347b90a00a\">Herunterladen<\/a><\/div>\n\n\n\n<div class=\"wp-block-file\"><a id=\"wp-block-file--media-94cf9efc-8729-4f4c-9fe1-d52f2a7cee9e\" href=\"https:\/\/www.scharmuetzelseegrundschule.de\/wp-content\/uploads\/2021\/02\/Flyer-Einlegeblatt.pdf\">Flyer-Einlegeblatt<\/a><a href=\"https:\/\/www.scharmuetzelseegrundschule.de\/wp-content\/uploads\/2021\/02\/Flyer-Einlegeblatt.pdf\" class=\"wp-block-file__button\" download aria-describedby=\"wp-block-file--media-94cf9efc-8729-4f4c-9fe1-d52f2a7cee9e\">Herunterladen<\/a><\/div>\n\n\n\n<figure class=\"wp-block-image size-large\"><a href=\"https:\/\/www.scharmuetzelseegrundschule.de\/wp-content\/uploads\/2021\/02\/Flyer_Seite1.png\"><img loading=\"lazy\" width=\"1024\" height=\"726\" src=\"https:\/\/www.scharmuetzelseegrundschule.de\/wp-content\/uploads\/2021\/02\/Flyer_Seite1-1024x726.png\" alt=\"\" class=\"wp-image-6529\" srcset=\"https:\/\/www.scharmuetzelseegrundschule.de\/wp-content\/uploads\/2021\/02\/Flyer_Seite1-1024x726.png 1024w, https:\/\/www.scharmuetzelseegrundschule.de\/wp-content\/uploads\/2021\/02\/Flyer_Seite1-300x213.png 300w, https:\/\/www.scharmuetzelseegrundschule.de\/wp-content\/uploads\/2021\/02\/Flyer_Seite1-768x544.png 768w, https:\/\/www.scharmuetzelseegrundschule.de\/wp-content\/uploads\/2021\/02\/Flyer_Seite1-423x300.png 423w, https:\/\/www.scharmuetzelseegrundschule.de\/wp-content\/uploads\/2021\/02\/Flyer_Seite1.png 1274w\" sizes=\"(max-width: 1024px) 100vw, 1024px\" \/><\/a><figcaption>Flyer Seite 1<\/figcaption><\/figure>\n\n\n\n<figure class=\"wp-block-image size-large\"><a href=\"https:\/\/www.scharmuetzelseegrundschule.de\/wp-content\/uploads\/2021\/02\/Flyer_Seite2.png\"><img loading=\"lazy\" width=\"1024\" height=\"734\" src=\"https:\/\/www.scharmuetzelseegrundschule.de\/wp-content\/uploads\/2021\/02\/Flyer_Seite2-1024x734.png\" alt=\"\" class=\"wp-image-6530\" srcset=\"https:\/\/www.scharmuetzelseegrundschule.de\/wp-content\/uploads\/2021\/02\/Flyer_Seite2-1024x734.png 1024w, https:\/\/www.scharmuetzelseegrundschule.de\/wp-content\/uploads\/2021\/02\/Flyer_Seite2-300x215.png 300w, https:\/\/www.scharmuetzelseegrundschule.de\/wp-content\/uploads\/2021\/02\/Flyer_Seite2-768x551.png 768w, https:\/\/www.scharmuetzelseegrundschule.de\/wp-content\/uploads\/2021\/02\/Flyer_Seite2-418x300.png 418w, https:\/\/www.scharmuetzelseegrundschule.de\/wp-content\/uploads\/2021\/02\/Flyer_Seite2.png 1275w\" sizes=\"(max-width: 1024px) 100vw, 1024px\" \/><\/a><figcaption>Flyer Seite 2<\/figcaption><\/figure>\n\n\n\n<figure class=\"wp-block-image size-large\"><a href=\"https:\/\/www.scharmuetzelseegrundschule.de\/wp-content\/uploads\/2021\/02\/Einlegeblatt_Seite1.png\"><img loading=\"lazy\" width=\"869\" height=\"922\" src=\"https:\/\/www.scharmuetzelseegrundschule.de\/wp-content\/uploads\/2021\/02\/Einlegeblatt_Seite1.png\" alt=\"\" class=\"wp-image-6532\" srcset=\"https:\/\/www.scharmuetzelseegrundschule.de\/wp-content\/uploads\/2021\/02\/Einlegeblatt_Seite1.png 869w, https:\/\/www.scharmuetzelseegrundschule.de\/wp-content\/uploads\/2021\/02\/Einlegeblatt_Seite1-283x300.png 283w, https:\/\/www.scharmuetzelseegrundschule.de\/wp-content\/uploads\/2021\/02\/Einlegeblatt_Seite1-768x815.png 768w\" sizes=\"(max-width: 869px) 100vw, 869px\" \/><\/a><figcaption>Einlegeblatt Seite 1<\/figcaption><\/figure>\n\n\n\n<figure class=\"wp-block-image size-large\"><a href=\"https:\/\/www.scharmuetzelseegrundschule.de\/wp-content\/uploads\/2021\/02\/Einlegeblatt_Seite2.png\"><img loading=\"lazy\" width=\"868\" height=\"919\" src=\"https:\/\/www.scharmuetzelseegrundschule.de\/wp-content\/uploads\/2021\/02\/Einlegeblatt_Seite2.png\" alt=\"\" class=\"wp-image-6533\" srcset=\"https:\/\/www.scharmuetzelseegrundschule.de\/wp-content\/uploads\/2021\/02\/Einlegeblatt_Seite2.png 868w, https:\/\/www.scharmuetzelseegrundschule.de\/wp-content\/uploads\/2021\/02\/Einlegeblatt_Seite2-283x300.png 283w, https:\/\/www.scharmuetzelseegrundschule.de\/wp-content\/uploads\/2021\/02\/Einlegeblatt_Seite2-768x813.png 768w\" sizes=\"(max-width: 868px) 100vw, 868px\" \/><\/a><figcaption>Einlegeblatt Seite 2<\/figcaption><\/figure>\n\n\n\n<p><\/p>\n","protected":false},"excerpt":{"rendered":"<p>Die Bedeutung der Sprache Franz\u00f6sisch&nbsp; Der Werbeflyer f\u00fcr Franz\u00f6sisch an der SGS mit dem Einlegeblatt zum Angebot &#8222;Franz\u00f6sisch&#8220; der Grundschulen und weiterf\u00fchrenden Schulen in Berlin.<\/p>\n","protected":false},"author":11,"featured_media":0,"parent":5969,"menu_order":-3,"comment_status":"closed","ping_status":"closed","template":"","meta":{"ngg_post_thumbnail":0},"_links":{"self":[{"href":"https:\/\/www.scharmuetzelseegrundschule.de\/index.php?rest_route=\/wp\/v2\/pages\/6473"}],"collection":[{"href":"https:\/\/www.scharmuetzelseegrundschule.de\/index.php?rest_route=\/wp\/v2\/pages"}],"about":[{"href":"https:\/\/www.scharmuetzelseegrundschule.de\/index.php?rest_route=\/wp\/v2\/types\/page"}],"author":[{"embeddable":true,"href":"https:\/\/www.scharmuetzelseegrundschule.de\/index.php?rest_route=\/wp\/v2\/users\/11"}],"replies":[{"embeddable":true,"href":"https:\/\/www.scharmuetzelseegrundschule.de\/index.php?rest_route=%2Fwp%2Fv2%2Fcomments&post=6473"}],"version-history":[{"count":3,"href":"https:\/\/www.scharmuetzelseegrundschule.de\/index.php?rest_route=\/wp\/v2\/pages\/6473\/revisions"}],"predecessor-version":[{"id":7428,"href":"https:\/\/www.scharmuetzelseegrundschule.de\/index.php?rest_route=\/wp\/v2\/pages\/6473\/revisions\/7428"}],"up":[{"embeddable":true,"href":"https:\/\/www.scharmuetzelseegrundschule.de\/index.php?rest_route=\/wp\/v2\/pages\/5969"}],"wp:attachment":[{"href":"https:\/\/www.scharmuetzelseegrundschule.de\/index.php?rest_route=%2Fwp%2Fv2%2Fmedia&parent=6473"}],"curies":[{"name":"wp","href":"https:\/\/api.w.org\/{rel}","templated":true}]}}