{"id":5967,"date":"2019-03-10T19:13:28","date_gmt":"2019-03-10T17:13:28","guid":{"rendered":"http:\/\/www.scharmuetzelseegrundschule.de\/?page_id=5967"},"modified":"2019-03-10T19:53:04","modified_gmt":"2019-03-10T17:53:04","slug":"englisch","status":"publish","type":"page","link":"https:\/\/www.scharmuetzelseegrundschule.de\/?page_id=5967","title":{"rendered":"Englisch"},"content":{"rendered":"<p>Ob Sch\u00fcler Musik h\u00f6ren, im Internet Videoclips ansehen oder in den Urlaub fahren, Englisch ist in ihrem Leben \u00fcberall pr\u00e4sent. Damit ist Englisch sicherlich das Fach an unserer Schule, dass sich am meisten \u00fcber eine intrinsische, das hei\u00dft bei den Sch\u00fclern selbst vorhandene, Motivation freuen kann. Denn die Sch\u00fcler wollen verstehen, was in den Songtexten gesungen wird, was in der Werbung versprochen wird und was ihr Star in einem Interview sagt.<\/p>\n<p><a href=\"http:\/\/vorschau.fvsgs.de\/wp-content\/uploads\/2011\/05\/P1010545.jpg\"><img loading=\"lazy\" title=\"P1010545\" src=\"http:\/\/vorschau.fvsgs.de\/wp-content\/uploads\/2011\/05\/P1010545-300x208.jpg\" alt=\"\" width=\"300\" height=\"208\" \/><\/a><\/p>\n<p>Genau auf dieser Lust baut unser Fachbereich Englisch auf und stellt den Unterricht unter das Motto \u201eEnglish is fun!\u201c. Das ist nicht nur f\u00f6rderlich f\u00fcr das Erlernen von Englisch als erste Fremdsprache, sondern auch f\u00fcr alle folgenden: Wird das Erlernen der ersten Fremdsprache von der eigenen Lust motiviert und gern weiterverfolgt, \u00fcbertr\u00e4gt sich dies positiv auf die Haltung gegen\u00fcber allen weiteren Fremdsprachen in der schulischen Laufbahn und dar\u00fcber hinaus.<\/p>\n<p>Doch nicht nur deshalb ist Englisch als erste Fremdsprache eine gute Wahl. Denn Englisch er\u00f6ffnet auch M\u00f6glichkeiten als Weltsprache in der Kommunikation mit anderen Menschen, bei der Wahl der weiterf\u00fchrenden Schule und in unserer globalisierten Welt auch im Berufsleben.<\/p>\n<p><img loading=\"lazy\" title=\"Auswahl-Website-2-007\" src=\"http:\/\/vorschau.fvsgs.de\/wp-content\/uploads\/2011\/05\/Auswahl-Website-2-007.jpg\" alt=\"\" width=\"400\" height=\"300\" \/><\/p>\n<p>In der dritten Klasse beginnt der Unterricht mit zwei Wochenstunden, wobei pro Schuljahr eine weitere hinzukommt. Wir starten mit einem Fokus auf das M\u00fcndliche. In kurzen Dialogen, Liedern, Rollen- oder Wortspielen verlieren die Sch\u00fcler sofort die Hemmungen, eine fremde Sprache zu sprechen und k\u00f6nnen schnell erste Erfolge erzielen. \u201eLearning by Doing\u201c lautet die Devise. Von Anfang an h\u00f6ren die Kinder dabei viel mehr Englisch als sie selber sprechen k\u00f6nnen, was sie weiter motiviert und ihr H\u00f6rverstehen schult.<\/p>\n<p>Damit wird auch der Grundstein f\u00fcr das Lesen und Schreiben gelegt.<br \/>\nIn der Klassenstufe 5\/6 legen wir Wert auf das Ausbauen des Wortsschatzes durch vermehrtes Vokabeltraining. Neben H\u00f6r- und Leseverstehen werden dar\u00fcber hinaus auch grammatische Strukturen verdeutlicht und geschult.<\/p>\n<p>Statt trockener Grammatikformeln wird der Unterricht bed\u00fcrfnisorientiert an der jeweiligen Klassenstufe modular anhand von Themen strukturiert, die jeweils konkrete Lernziele umfassen. Diese abwechslungsreiche Gestaltung erh\u00f6ht die Motivation der Sch\u00fcler und erm\u00f6glicht es auch, Sch\u00fcler unterschiedlichen Leistungsniveaus individuell zu f\u00f6rdern.<\/p>\n<div>\n<dl id=\"attachment_2465\">\n<dt><img loading=\"lazy\" title=\"P1010567\" src=\"http:\/\/vorschau.fvsgs.de\/wp-content\/uploads\/2011\/05\/P1010567.jpg\" alt=\"\" width=\"300\" height=\"450\" \/><\/dt>\n<dd>Besuch bei &#8222;Madame Tussauds&#8220;<\/dd>\n<\/dl>\n<\/div>\n<p>Die Wahl der Themen ist dabei klar an den Interessen der Sch\u00fcler ausgerichtet, beispielsweise \u201eAnimals\u201c, \u201eLet\u2019s have a party\u201c, \u201eFriends &amp; Hobbies\u201c, \u201eFantasy &amp; Dreams\u201c, \u201eStars &amp; Favourite Songs\u201c. Neben dem Spa\u00df an der Sprache geben uns diese Themen den Raum unterschiedliche Arten des Arbeitens \u2013 wie beispielsweise kurze Pr\u00e4sentationen, Auff\u00fchrungen, Gruppenarbeiten und Interviews \u2013 anzuwenden und die Sch\u00fcler so auf alle Formen des Arbeitens und die Anforderungen in der weiterf\u00fchrenden Schule vorzubereiten.<\/p>\n<p>\u00dcber die Fremdsprache hinaus vermitteln wir unseren Sch\u00fclern auch Einblicke in das Land England, als Wiege der Fremdsprache. Feste, Gebr\u00e4uche, das Schulsystem, Land und Leute werden nicht nur erw\u00e4hnt, sondern auch erlebt, zum Beispiel in einer \u201eEnglish Sandwich Party\u201c oder beim Besuch von\u2019 Madame Tussauds\u2019.<\/p>\n<p>Da in allen Sekundarschulen und Gymnasien Englisch als erste Fremdsprache fortgesetzt werden kann, gibt es diesbez\u00fcglich keinerlei Einschr\u00e4nkungen nach der Grundschule.<\/p>\n<p>F\u00fcr leistungsstarke Sch\u00fcler bieten wir dar\u00fcber hinaus erg\u00e4nzend den WUV-Kurs \u2019English is fun\u2019 an.<\/p>\n","protected":false},"excerpt":{"rendered":"<p>Ob Sch\u00fcler Musik h\u00f6ren, im Internet Videoclips ansehen oder in den Urlaub fahren, Englisch ist in ihrem Leben \u00fcberall pr\u00e4sent. Damit ist Englisch sicherlich das Fach an unserer Schule, dass sich am meisten \u00fcber eine intrinsische, das hei\u00dft bei den &hellip; <a href=\"https:\/\/www.scharmuetzelseegrundschule.de\/?page_id=5967\">Weiterlesen <span class=\"meta-nav\">&rarr;<\/span><\/a><\/p>\n","protected":false},"author":11,"featured_media":0,"parent":0,"menu_order":1,"comment_status":"closed","ping_status":"closed","template":"","meta":{"ngg_post_thumbnail":0},"_links":{"self":[{"href":"https:\/\/www.scharmuetzelseegrundschule.de\/index.php?rest_route=\/wp\/v2\/pages\/5967"}],"collection":[{"href":"https:\/\/www.scharmuetzelseegrundschule.de\/index.php?rest_route=\/wp\/v2\/pages"}],"about":[{"href":"https:\/\/www.scharmuetzelseegrundschule.de\/index.php?rest_route=\/wp\/v2\/types\/page"}],"author":[{"embeddable":true,"href":"https:\/\/www.scharmuetzelseegrundschule.de\/index.php?rest_route=\/wp\/v2\/users\/11"}],"replies":[{"embeddable":true,"href":"https:\/\/www.scharmuetzelseegrundschule.de\/index.php?rest_route=%2Fwp%2Fv2%2Fcomments&post=5967"}],"version-history":[{"count":7,"href":"https:\/\/www.scharmuetzelseegrundschule.de\/index.php?rest_route=\/wp\/v2\/pages\/5967\/revisions"}],"predecessor-version":[{"id":5981,"href":"https:\/\/www.scharmuetzelseegrundschule.de\/index.php?rest_route=\/wp\/v2\/pages\/5967\/revisions\/5981"}],"wp:attachment":[{"href":"https:\/\/www.scharmuetzelseegrundschule.de\/index.php?rest_route=%2Fwp%2Fv2%2Fmedia&parent=5967"}],"curies":[{"name":"wp","href":"https:\/\/api.w.org\/{rel}","templated":true}]}}