{"id":342,"date":"2011-05-24T11:20:56","date_gmt":"2011-05-24T11:20:56","guid":{"rendered":"http:\/\/vorschau.fvsgs.de\/?page_id=342"},"modified":"2024-07-15T10:39:17","modified_gmt":"2024-07-15T08:39:17","slug":"mitglied-werden","status":"publish","type":"page","link":"https:\/\/www.scharmuetzelseegrundschule.de\/?page_id=342","title":{"rendered":"Kontakt &#038; Vorstand"},"content":{"rendered":"<h2 class=\"ttl2\">&nbsp;<\/h2>\n\n\n<p><strong>F\u00f6rderverein der Scharm\u00fctzelsee-Grundschule e.V.<\/strong><\/p>\n\n\n\n<div class=\"wp-container-1 wp-block-group\"><div class=\"wp-block-group__inner-container\">\n<p>Hohenstaufenstra\u00dfe 49<br>10779 Berlin<br>Tel.: 030 7560 &#8211; 7162<br>Email: <a href=\"mailto:mail@fvsgs.de\">mail@fvsgs.de<\/a><\/p>\n<\/div><\/div>\n\n\n\n<p><strong>Der Vorstand<\/strong>&nbsp;<\/p>\n\n\n\n<ul><li>1. Vorsitzende: Julia Chao<\/li><li>2. Vorsitzende: Nadine H\u00f6nighaus <\/li><li>Schatzmeisterin: Nadja Fahlke<\/li><li>Schriftf\u00fchrer: Ingo Dickel<\/li><\/ul>\n\n\n\n<p><\/p>\n\n\n\n<p><\/p>\n\n\n\n<p><\/p>\n","protected":false},"excerpt":{"rendered":"<p>&nbsp; F\u00f6rderverein der Scharm\u00fctzelsee-Grundschule e.V. Hohenstaufenstra\u00dfe 4910779 BerlinTel.: 030 7560 &#8211; 7162Email: mail@fvsgs.de Der Vorstand&nbsp; 1. Vorsitzende: Julia Chao 2. Vorsitzende: Nadine H\u00f6nighaus Schatzmeisterin: Nadja Fahlke Schriftf\u00fchrer: Ingo Dickel<\/p>\n","protected":false},"author":4,"featured_media":0,"parent":94,"menu_order":0,"comment_status":"closed","ping_status":"closed","template":"","meta":{"ngg_post_thumbnail":0},"_links":{"self":[{"href":"https:\/\/www.scharmuetzelseegrundschule.de\/index.php?rest_route=\/wp\/v2\/pages\/342"}],"collection":[{"href":"https:\/\/www.scharmuetzelseegrundschule.de\/index.php?rest_route=\/wp\/v2\/pages"}],"about":[{"href":"https:\/\/www.scharmuetzelseegrundschule.de\/index.php?rest_route=\/wp\/v2\/types\/page"}],"author":[{"embeddable":true,"href":"https:\/\/www.scharmuetzelseegrundschule.de\/index.php?rest_route=\/wp\/v2\/users\/4"}],"replies":[{"embeddable":true,"href":"https:\/\/www.scharmuetzelseegrundschule.de\/index.php?rest_route=%2Fwp%2Fv2%2Fcomments&post=342"}],"version-history":[{"count":21,"href":"https:\/\/www.scharmuetzelseegrundschule.de\/index.php?rest_route=\/wp\/v2\/pages\/342\/revisions"}],"predecessor-version":[{"id":9351,"href":"https:\/\/www.scharmuetzelseegrundschule.de\/index.php?rest_route=\/wp\/v2\/pages\/342\/revisions\/9351"}],"up":[{"embeddable":true,"href":"https:\/\/www.scharmuetzelseegrundschule.de\/index.php?rest_route=\/wp\/v2\/pages\/94"}],"wp:attachment":[{"href":"https:\/\/www.scharmuetzelseegrundschule.de\/index.php?rest_route=%2Fwp%2Fv2%2Fmedia&parent=342"}],"curies":[{"name":"wp","href":"https:\/\/api.w.org\/{rel}","templated":true}]}}