{"id":335,"date":"2011-05-24T11:18:46","date_gmt":"2011-05-24T11:18:46","guid":{"rendered":"http:\/\/vorschau.fvsgs.de\/?page_id=335"},"modified":"2025-03-20T11:58:58","modified_gmt":"2025-03-20T09:58:58","slug":"der-verein","status":"publish","type":"page","link":"https:\/\/www.scharmuetzelseegrundschule.de\/?page_id=335","title":{"rendered":"Projekte"},"content":{"rendered":"<p><strong>Regelm\u00e4\u00dfige Projekte des F\u00f6rdervereins:<\/strong><\/p>\n<ul>\n<li>Aktionstage zur Schulversch\u00f6nerung&nbsp;<\/li>\n<li>Sonnenblumen zur Einschulung&nbsp;<\/li>\n<li>Preise\/Geschenke f\u00fcr Sch\u00fclerwettbewerbe und -auftritte&nbsp;<\/li>\n<li>T-Shirts\/Leibchen f\u00fcr Sportwettk\u00e4mpfe und die Buddys<\/li>\n<li>Pr\u00e4ventionstraining \u201eKleine Helden\u201c zur Selbstbehauptung<\/li>\n<li>Wartung\/Anschaffung der Schulr\u00e4der f\u00fcr die Fahrrad-AG<\/li>\n<li>Weihnachtsbaum und -dekoration&nbsp;<\/li>\n<li>Fest mit Eltern, Lehrerkr\u00e4ften und Erziehenden<\/li>\n<\/ul>\n<p><strong>Und hier noch einige besondere Aktivit\u00e4ten der vergangenen Jahre:<\/strong><\/p>\n<p><strong>2024<\/strong><\/p>\n<ul>\n<li>w\u00e4rmeabweisende Vorh\u00e4nge in einzelnen Klassen (Pilotprojekt)<\/li>\n<li>Finanzierung der Toiletten-Versch\u00f6nerung im Rahmen des Wettbewerbs &#8222;Toiletten machen Schule&#8220;&nbsp;<\/li>\n<\/ul>\n<p><strong>2023<\/strong><\/p>\n<ul>\n<li>Unterst\u00fctzung einer neu eingerichteten zweiten Willkommensklasse&nbsp;<\/li>\n<li>Neuer Rasenm\u00e4her sowie weitere neue Ger\u00e4tschaften f\u00fcr die Gr\u00fcngruppe&nbsp;<\/li>\n<li>Gr\u00fcntage:&nbsp;gemeinsame Schulhofbegr\u00fcnung,&nbsp;Anbringen von Nistk\u00e4sten, Bau eines neuen Komposthaufens<\/li>\n<\/ul>\n<p><strong>2022&nbsp;<\/strong><\/p>\n<ul>\n<li>Anschaffung eines Info-Schaukastens in der Hofeinfahrt<\/li>\n<li>Anschaffung einer funkgesteuerten Au\u00dfenuhr am Spielplatz&nbsp;&nbsp;<\/li>\n<\/ul>\n<p><strong>2021&nbsp;<\/strong><\/p>\n<ul>\n<li>Neubau der Schulhof-Pergola&nbsp;<\/li>\n<li>Realisierung einer Spende von 8 Djemb\u00e9-Trommeln durch die Hans-Thomann-Stiftung&nbsp;&nbsp;<\/li>\n<\/ul>\n<p><strong>2020<\/strong><\/p>\n<ul>\n<li>Sachmittel f\u00fcr die Versch\u00f6nerung der Au\u00dfenanlagen und Klassenzimmer<\/li>\n<li>Neue Meditationskissen f\u00fcr die Yoga-AG<\/li>\n<\/ul>\n<p><strong>2019<\/strong><\/p>\n<ul>\n<li>Klassensatz (25 St\u00fcck) der \u201eCalliope\u201c Bauk\u00e4sten f\u00fcr den Computerunterricht<\/li>\n<li>Anschaffung eines Smart-Boards<\/li>\n<li>Einbau einer neuen Akustik-Anlage in der Aula<\/li>\n<\/ul>\n<p><strong>2018<\/strong><\/p>\n<ul>\n<li>Gr\u00fcntage: Neugestaltung der Schulhofschlange<\/li>\n<li>Anschaffung von Leibchen, T-Shirts und Regenjacken f\u00fcr Sportwettk\u00e4mpfe<\/li>\n<\/ul>\n<p><strong>2017<\/strong><\/p>\n<ul>\n<li>Gr\u00fcntage: neuer Rollrasen f\u00fcr die Barfu\u00dfwiese<\/li>\n<li>Neue Ger\u00e4te f\u00fcr die Gr\u00fcngruppe<\/li>\n<li>Finanzierung eines neuen Vorhangs in der Aula der Schule<\/li>\n<\/ul>\n<p><strong>2016<\/strong><\/p>\n<ul>\n<li>Gr\u00fcntage: Pflanzen f\u00fcr die Klassenbeete, Erneuerung der Hochbeete, Weidentunnel, etc.<\/li>\n<\/ul>\n<p><strong>2015<\/strong><\/p>\n<ul>\n<li>Gr\u00fcntage: Rankhilfen f\u00fcr die Pergola, Einfassungen f\u00fcr die Laufbahnen mit Baumst\u00e4mmen ausgestattet<\/li>\n<li>Bau eines Dr\u00e4ngelzauns im Bauerngarten<\/li>\n<\/ul>\n<p><strong>2014<\/strong><\/p>\n<ul>\n<li>Anschaffung eines weiteren Spielger\u00e4tes (Jugendunterstand) f\u00fcr den vorderen Schulhof<\/li>\n<li>Gr\u00fcntage: bunte Schlange als Schulhof-Abgrenzung gemalt, Rankger\u00fcste f\u00fcr Kletterrosen, Fr\u00fchlingsschnitt f\u00fcr Weidentunnel, Weidentipi u.a.<\/li>\n<\/ul>\n","protected":false},"excerpt":{"rendered":"<p>Regelm\u00e4\u00dfige Projekte des F\u00f6rdervereins: Aktionstage zur Schulversch\u00f6nerung&nbsp; Sonnenblumen zur Einschulung&nbsp; Preise\/Geschenke f\u00fcr Sch\u00fclerwettbewerbe und -auftritte&nbsp; T-Shirts\/Leibchen f\u00fcr Sportwettk\u00e4mpfe und die Buddys Pr\u00e4ventionstraining \u201eKleine Helden\u201c zur Selbstbehauptung Wartung\/Anschaffung der Schulr\u00e4der f\u00fcr die Fahrrad-AG Weihnachtsbaum und -dekoration&nbsp; Fest mit Eltern, Lehrerkr\u00e4ften und &hellip; <a href=\"https:\/\/www.scharmuetzelseegrundschule.de\/?page_id=335\">Weiterlesen <span class=\"meta-nav\">&rarr;<\/span><\/a><\/p>\n","protected":false},"author":4,"featured_media":0,"parent":94,"menu_order":0,"comment_status":"closed","ping_status":"closed","template":"","meta":{"ngg_post_thumbnail":0},"_links":{"self":[{"href":"https:\/\/www.scharmuetzelseegrundschule.de\/index.php?rest_route=\/wp\/v2\/pages\/335"}],"collection":[{"href":"https:\/\/www.scharmuetzelseegrundschule.de\/index.php?rest_route=\/wp\/v2\/pages"}],"about":[{"href":"https:\/\/www.scharmuetzelseegrundschule.de\/index.php?rest_route=\/wp\/v2\/types\/page"}],"author":[{"embeddable":true,"href":"https:\/\/www.scharmuetzelseegrundschule.de\/index.php?rest_route=\/wp\/v2\/users\/4"}],"replies":[{"embeddable":true,"href":"https:\/\/www.scharmuetzelseegrundschule.de\/index.php?rest_route=%2Fwp%2Fv2%2Fcomments&post=335"}],"version-history":[{"count":30,"href":"https:\/\/www.scharmuetzelseegrundschule.de\/index.php?rest_route=\/wp\/v2\/pages\/335\/revisions"}],"predecessor-version":[{"id":9542,"href":"https:\/\/www.scharmuetzelseegrundschule.de\/index.php?rest_route=\/wp\/v2\/pages\/335\/revisions\/9542"}],"up":[{"embeddable":true,"href":"https:\/\/www.scharmuetzelseegrundschule.de\/index.php?rest_route=\/wp\/v2\/pages\/94"}],"wp:attachment":[{"href":"https:\/\/www.scharmuetzelseegrundschule.de\/index.php?rest_route=%2Fwp%2Fv2%2Fmedia&parent=335"}],"curies":[{"name":"wp","href":"https:\/\/api.w.org\/{rel}","templated":true}]}}